{"id":97,"date":"2020-08-21T13:12:54","date_gmt":"2020-08-21T13:12:54","guid":{"rendered":"https:\/\/www.farmaciasanisidro.es\/farmacia\/?page_id=97"},"modified":"2024-02-08T14:52:23","modified_gmt":"2024-02-08T13:52:23","slug":"descargo-de-responsabilidad-medica","status":"publish","type":"page","link":"https:\/\/www.farmaciasanisidro.es\/farmacia\/descargo-de-responsabilidad-medica\/","title":{"rendered":"Descargo de responsabilidad m\u00e9dica &#8211; Farmacia Spain 24\/7"},"content":{"rendered":"<h2><\/h2>\n<h2><b>Responsabilidad y cumplimiento del paciente<\/b><\/h2>\n<p><b>Al comprar, confirmo que<\/b><\/p>\n<ul>\n<li><span style=\"font-weight: 400;\"> Tengo al menos 18 a\u00f1os y soy lo suficientemente mayor para comprar medicamentos<\/span><\/li>\n<li><span style=\"font-weight: 400;\"> De acuerdo con las leyes de mi pa\u00eds, puedo recibir los tratamientos y\/o medicamentos que he solicitado que me env\u00eden. Adem\u00e1s, confirmo que es mi responsabilidad asegurarme de que mi compra cumple con las leyes vigentes en el pa\u00eds donde el tratamiento y\/o la medicina va a ser importada.<\/span><\/li>\n<\/ul>\n<p><span style=\"font-weight: 400;\">Las recetas y medicamentos que he pedido son para mis necesidades m\u00e9dicas personales. Confirmo que necesito recetas para el tratamiento necesario de los medicamentos, y que \u00e9stas no se almacenar\u00e1n en exceso de una cantidad existente que ya tengo, ni se transferir\u00e1n a un tercero.<\/span><\/p>\n<ul>\n<li><span style=\"font-weight: 400;\"> Me he sometido recientemente a un examen m\u00e9dico, que fue satisfactorio para un m\u00e9dico colegiado. Tambi\u00e9n he hecho que mi historial m\u00e9dico sea evaluado recientemente por un m\u00e9dico. Adem\u00e1s, confirmo que mi m\u00e9dico est\u00e1 disponible para consulta si esto ocurre, y me pondr\u00e9 en contacto con \u00e9l o ella si es necesario un seguimiento, atenci\u00f3n o intervenci\u00f3n si tengo problemas o complicaciones, o tengo preguntas relacionadas con el tratamiento y la medicaci\u00f3n. Tambi\u00e9n soy consciente de que puedo contactar con su m\u00e9dico, y le enviar\u00e9 un correo electr\u00f3nico para concertar que el m\u00e9dico o el farmac\u00e9utico me devuelvan la llamada. Tambi\u00e9n acepto que su m\u00e9dico o su representante puedan ponerse en contacto conmigo por cualquier motivo, aunque yo no se lo haya pedido.<\/span><\/li>\n<li><span style=\"font-weight: 400;\"> Comprendo los riesgos, beneficios y posibles efectos secundarios del medicamento recetado que solicito. Estos me han sido explicados en detalle por profesionales de la salud calificados. Tambi\u00e9n he estudiado material tanto por escrito como en internet sobre estos medicamentos y\/o tratamientos, incluyendo varios sitios web y enlaces que ofrecen un material completo.<\/span><\/li>\n<li><span style=\"font-weight: 400;\"> Tambi\u00e9n confirmo que he utilizado medicamentos y tratamientos que ahora solicito en ocasiones anteriores, y que el uso de \u00e9stos result\u00f3 ser seguro y sin efectos secundarios. Adem\u00e1s, tambi\u00e9n confirmo que el uso estuvo bajo la supervisi\u00f3n de un m\u00e9dico, o viceversa, que el uso de la droga no es apropiado para mis necesidades m\u00e9dicas o f\u00edsicas personales.<\/span><\/li>\n<li><span style=\"font-weight: 400;\"> Al realizar esta consulta, solicito que la prescripci\u00f3n de un m\u00e9dico registrado de la UE act\u00fae como complemento de mi propio m\u00e9dico. No quiero que este m\u00e9dico sustituya a mi m\u00e9dico cuando considere mi solicitud. Por consiguiente, deseo que el m\u00e9dico registrado, que est\u00e1 considerando mi consulta, apruebe los medicamentos de venta con receta que he solicitado, para que puedan ser dispensados por su farmacia registrada.<\/span><\/li>\n<\/ul>\n<p><span style=\"font-weight: 400;\">Estoy de acuerdo en que me pondr\u00e9 en contacto con mi m\u00e9dico inmediatamente para los procedimientos m\u00e9dicos necesarios, si hay alguna complicaci\u00f3n o efecto secundario durante el uso del medicamento, o durante el per\u00edodo posterior.<\/span><\/p>\n<ul>\n<li><span style=\"font-weight: 400;\"> Acepto que no debo tomar otros medicamentos sin la aprobaci\u00f3n de una farmacia o un m\u00e9dico. Acepto proporcionar al m\u00e9dico una lista completa de los medicamentos que estoy tomando actualmente, incluyendo los que he pedido en este sitio. Acepto una total transparencia y responsabilidad en este sentido.<\/span><\/li>\n<li><span style=\"font-weight: 400;\"> Estoy de acuerdo en eso, me revisar\u00e9 la presi\u00f3n sangu\u00ednea al menos una vez cada siete d\u00edas. Si mi presi\u00f3n arterial es superior a 140\/90 (ya sea que el n\u00famero superior sea superior a 140 o el inferior sea superior a 90), dejar\u00e9 de usar este medicamento inmediatamente y me pondr\u00e9 en contacto con un m\u00e9dico lo antes posible sin m\u00e1s demora.<\/span><\/li>\n<li><span style=\"font-weight: 400;\"> Confirmo que he contestado y contestar\u00e9 todas las preguntas, honestamente y lo mejor que pueda, como si estuviera teniendo una consulta personal con mi m\u00e9dico. Entiendo que es necesaria una total transparencia para mantener mi seguridad personal.<\/span><\/li>\n<li><span style=\"font-weight: 400;\"> Como confirmaci\u00f3n adicional de lo anterior, he mostrado una completa honestidad con respecto a toda la informaci\u00f3n sobre mi salud y mi historial m\u00e9dico que es relevante para mi solicitud de medicaci\u00f3n. Hasta ahora, no he omitido o malinterpretado de ninguna manera ninguna declaraci\u00f3n de hechos relevantes.<\/span><\/li>\n<li><span style=\"font-weight: 400;\"> Soy consciente de que hay riesgos y beneficios asociados con el uso de medicamentos o tratamientos. He sido informado sobre todos los posibles efectos secundarios, riesgos o beneficios del uso de la droga. Por lo tanto, confirmo una vez m\u00e1s que recientemente me he sometido a un examen m\u00e9dico con respecto a mi condici\u00f3n f\u00edsica y m\u00e9dica. Al hacerlo, he proporcionado suficiente informaci\u00f3n como si esta consulta hubiera tenido lugar con mi m\u00e9dico \u00abcara a cara\u00bb.<\/span><\/li>\n<li><span style=\"font-weight: 400;\"> No he sido inducido o forzado a someterme a tratamientos o a usar medicamentos u otros tratamientos que yo solicite, y lo hago s\u00f3lo a mi propia discreci\u00f3n.<\/span><\/li>\n<li><span style=\"font-weight: 400;\"> Puedo utilizar tarjetas de cr\u00e9dito u otras tarjetas de d\u00e9bito que se usar\u00e1n para comprar drogas o tratamientos, si mi solicitud es aprobada y procesada. Si el uso de la tarjeta no est\u00e1 disponible a mi nombre, confirmo que soy un titular o firma autorizado y que tengo plena autoridad para usar esta tarjeta.<\/span><\/li>\n<\/ul>\n<p><span style=\"font-weight: 400;\">Al continuar con esta petici\u00f3n, acepto todo lo anterior y que me atengo a los t\u00e9rminos de este documento.<\/span><\/p>\n<p><span style=\"font-weight: 400;\">\u00a0<\/span><\/p>\n<h2><\/h2>\n","protected":false},"excerpt":{"rendered":"<p>Responsabilidad y cumplimiento del paciente Al comprar, confirmo que Tengo al menos 18 a\u00f1os y soy lo suficientemente mayor para comprar medicamentos De acuerdo con las leyes de mi pa\u00eds, puedo recibir los tratamientos y\/o medicamentos que he solicitado que me env\u00eden. Adem\u00e1s, confirmo que es mi responsabilidad asegurarme de que mi compra cumple con &#8230; <a title=\"Descargo de responsabilidad m\u00e9dica &#8211; Farmacia Spain 24\/7\" class=\"read-more\" href=\"https:\/\/www.farmaciasanisidro.es\/farmacia\/descargo-de-responsabilidad-medica\/\" aria-label=\"M\u00e1s en Descargo de responsabilidad m\u00e9dica &#8211; Farmacia Spain 24\/7\">Leer m\u00e1s<\/a><\/p>\n","protected":false},"author":1,"featured_media":0,"parent":0,"menu_order":0,"comment_status":"closed","ping_status":"closed","template":"","meta":{"footnotes":""},"_links":{"self":[{"href":"https:\/\/www.farmaciasanisidro.es\/farmacia\/wp-json\/wp\/v2\/pages\/97"}],"collection":[{"href":"https:\/\/www.farmaciasanisidro.es\/farmacia\/wp-json\/wp\/v2\/pages"}],"about":[{"href":"https:\/\/www.farmaciasanisidro.es\/farmacia\/wp-json\/wp\/v2\/types\/page"}],"author":[{"embeddable":true,"href":"https:\/\/www.farmaciasanisidro.es\/farmacia\/wp-json\/wp\/v2\/users\/1"}],"replies":[{"embeddable":true,"href":"https:\/\/www.farmaciasanisidro.es\/farmacia\/wp-json\/wp\/v2\/comments?post=97"}],"version-history":[{"count":12,"href":"https:\/\/www.farmaciasanisidro.es\/farmacia\/wp-json\/wp\/v2\/pages\/97\/revisions"}],"predecessor-version":[{"id":920,"href":"https:\/\/www.farmaciasanisidro.es\/farmacia\/wp-json\/wp\/v2\/pages\/97\/revisions\/920"}],"wp:attachment":[{"href":"https:\/\/www.farmaciasanisidro.es\/farmacia\/wp-json\/wp\/v2\/media?parent=97"}],"curies":[{"name":"wp","href":"https:\/\/api.w.org\/{rel}","templated":true}]}}