{"id":79,"date":"2020-08-21T11:55:03","date_gmt":"2020-08-21T11:55:03","guid":{"rendered":"https:\/\/www.farmaciasanisidro.es\/farmacia\/?page_id=79"},"modified":"2024-02-08T14:51:56","modified_gmt":"2024-02-08T13:51:56","slug":"entrega","status":"publish","type":"page","link":"https:\/\/www.farmaciasanisidro.es\/farmacia\/entrega\/","title":{"rendered":"Entrega &#8211; Farmacia Spain 24\/7"},"content":{"rendered":"<h2>El m\u00e9todo Frakt<\/h2>\n<p>Vi erbjuder 2 fraktmetoder just nu: Correo prioritario de la UE: Tiempos de entrega en el \u00e1rea Schengen &gt;&gt; 9 &#8211; 21 d\u00edas h\u00e1biles<br \/>Precio &#8211; 20 euros (no m\u00e1s de 200 p\u00edldoras &#x1f48a;). DHL Post: Tiempo de entrega del \u00e1rea Schengen &gt;&gt; 7 &#8211; 10 d\u00edas h\u00e1biles.<\/p>\n\n\n<p><\/p>\n","protected":false},"excerpt":{"rendered":"<p>El m\u00e9todo Frakt Vi erbjuder 2 fraktmetoder just nu: Correo prioritario de la UE: Tiempos de entrega en el \u00e1rea Schengen &gt;&gt; 9 &#8211; 21 d\u00edas h\u00e1bilesPrecio &#8211; 20 euros (no m\u00e1s de 200 p\u00edldoras &#x1f48a;). DHL Post: Tiempo de entrega del \u00e1rea Schengen &gt;&gt; 7 &#8211; 10 d\u00edas h\u00e1biles.<\/p>\n","protected":false},"author":1,"featured_media":0,"parent":0,"menu_order":0,"comment_status":"closed","ping_status":"closed","template":"","meta":{"footnotes":""},"_links":{"self":[{"href":"https:\/\/www.farmaciasanisidro.es\/farmacia\/wp-json\/wp\/v2\/pages\/79"}],"collection":[{"href":"https:\/\/www.farmaciasanisidro.es\/farmacia\/wp-json\/wp\/v2\/pages"}],"about":[{"href":"https:\/\/www.farmaciasanisidro.es\/farmacia\/wp-json\/wp\/v2\/types\/page"}],"author":[{"embeddable":true,"href":"https:\/\/www.farmaciasanisidro.es\/farmacia\/wp-json\/wp\/v2\/users\/1"}],"replies":[{"embeddable":true,"href":"https:\/\/www.farmaciasanisidro.es\/farmacia\/wp-json\/wp\/v2\/comments?post=79"}],"version-history":[{"count":16,"href":"https:\/\/www.farmaciasanisidro.es\/farmacia\/wp-json\/wp\/v2\/pages\/79\/revisions"}],"predecessor-version":[{"id":4163,"href":"https:\/\/www.farmaciasanisidro.es\/farmacia\/wp-json\/wp\/v2\/pages\/79\/revisions\/4163"}],"wp:attachment":[{"href":"https:\/\/www.farmaciasanisidro.es\/farmacia\/wp-json\/wp\/v2\/media?parent=79"}],"curies":[{"name":"wp","href":"https:\/\/api.w.org\/{rel}","templated":true}]}}