{"id":76,"date":"2020-08-21T11:53:18","date_gmt":"2020-08-21T11:53:18","guid":{"rendered":"https:\/\/www.farmaciasanisidro.es\/farmacia\/?page_id=76"},"modified":"2024-02-08T14:51:40","modified_gmt":"2024-02-08T13:51:40","slug":"devoluciones","status":"publish","type":"page","link":"https:\/\/www.farmaciasanisidro.es\/farmacia\/devoluciones\/","title":{"rendered":"Devoluciones &#8211; Farmacia Spain 24\/7"},"content":{"rendered":"<h2>Pol\u00edtica de devoluci\u00f3n<\/h2>\n<p>Si recibi\u00f3 medicamentos da\u00f1ados o defectuosos o si la compa\u00f1\u00eda envi\u00f3 el producto equivocado, le enviaremos su pedido de forma gratuita.<\/p>\n<p>La calidad de nuestros productos es sin excepci\u00f3n, pero si no est\u00e1 satisfecho con ella, p\u00f3ngase en contacto con nuestros especialistas de servicio al cliente.<\/p>\n<p>Si sus p\u00edldoras est\u00e1n da\u00f1adas, le enviaremos un nuevo paquete de forma gratuita.<\/p>\n<p>Informamos que la devoluci\u00f3n de medicamentos est\u00e1 estrictamente prohibida seg\u00fan las normas internacionales.<\/p>\n","protected":false},"excerpt":{"rendered":"<p>Pol\u00edtica de devoluci\u00f3n Si recibi\u00f3 medicamentos da\u00f1ados o defectuosos o si la compa\u00f1\u00eda envi\u00f3 el producto equivocado, le enviaremos su pedido de forma gratuita. La calidad de nuestros productos es sin excepci\u00f3n, pero si no est\u00e1 satisfecho con ella, p\u00f3ngase en contacto con nuestros especialistas de servicio al cliente. Si sus p\u00edldoras est\u00e1n da\u00f1adas, le &#8230; <a title=\"Devoluciones &#8211; Farmacia Spain 24\/7\" class=\"read-more\" href=\"https:\/\/www.farmaciasanisidro.es\/farmacia\/devoluciones\/\" aria-label=\"M\u00e1s en Devoluciones &#8211; Farmacia Spain 24\/7\">Leer m\u00e1s<\/a><\/p>\n","protected":false},"author":1,"featured_media":0,"parent":0,"menu_order":0,"comment_status":"closed","ping_status":"closed","template":"","meta":{"footnotes":""},"_links":{"self":[{"href":"https:\/\/www.farmaciasanisidro.es\/farmacia\/wp-json\/wp\/v2\/pages\/76"}],"collection":[{"href":"https:\/\/www.farmaciasanisidro.es\/farmacia\/wp-json\/wp\/v2\/pages"}],"about":[{"href":"https:\/\/www.farmaciasanisidro.es\/farmacia\/wp-json\/wp\/v2\/types\/page"}],"author":[{"embeddable":true,"href":"https:\/\/www.farmaciasanisidro.es\/farmacia\/wp-json\/wp\/v2\/users\/1"}],"replies":[{"embeddable":true,"href":"https:\/\/www.farmaciasanisidro.es\/farmacia\/wp-json\/wp\/v2\/comments?post=76"}],"version-history":[{"count":10,"href":"https:\/\/www.farmaciasanisidro.es\/farmacia\/wp-json\/wp\/v2\/pages\/76\/revisions"}],"predecessor-version":[{"id":916,"href":"https:\/\/www.farmaciasanisidro.es\/farmacia\/wp-json\/wp\/v2\/pages\/76\/revisions\/916"}],"wp:attachment":[{"href":"https:\/\/www.farmaciasanisidro.es\/farmacia\/wp-json\/wp\/v2\/media?parent=76"}],"curies":[{"name":"wp","href":"https:\/\/api.w.org\/{rel}","templated":true}]}}