{"id":72,"date":"2020-08-21T11:51:19","date_gmt":"2020-08-21T11:51:19","guid":{"rendered":"https:\/\/www.farmaciasanisidro.es\/farmacia\/?page_id=72"},"modified":"2024-02-08T14:51:25","modified_gmt":"2024-02-08T13:51:25","slug":"politica-de-privacidad","status":"publish","type":"page","link":"https:\/\/www.farmaciasanisidro.es\/farmacia\/politica-de-privacidad\/","title":{"rendered":"Pol\u00edtica de privacidad &#8211; Farmacia Spain 24\/7"},"content":{"rendered":"<h2><\/h2>\n<h2><b>Privacidad y directrices<\/b><\/h2>\n<p><span style=\"font-weight: 400;\">En nuestra farmacia puede encontrar los medicamentos y preparados que necesita para mejorar su salud sin dolor. Pero para que usted tenga la mejor experiencia de usuario, hemos reservado una pol\u00edtica de privacidad. Somos responsables del manejo de la informaci\u00f3n personal de la empresa. Esto significa asegurar que el procesamiento y manejo de los datos debe realizarse de acuerdo con las leyes y regulaciones aplicables. Cuando sea natural, aparecer\u00e1 en la declaraci\u00f3n. Contiene informaci\u00f3n sobre los derechos relacionados con el almacenamiento de la informaci\u00f3n sobre usted y la informaci\u00f3n est\u00e1ndar sobre c\u00f3mo se manejan de acuerdo con las leyes y regulaciones aplicables.<\/span><\/p>\n<p><b>Informaci\u00f3n privada<\/b><\/p>\n<p><span style=\"font-weight: 400;\">Para realizar una transacci\u00f3n en nuestra farmacia, solicitaremos el nombre, la edad y la informaci\u00f3n de contacto de la persona. Es absolutamente necesario para poder enviarle el pedido que ha hecho, informarle sobre las entregas y posiblemente ponerse en contacto si se necesita m\u00e1s informaci\u00f3n.<\/span><\/p>\n<p><span style=\"font-weight: 400;\">Se nos exige que guardemos esta informaci\u00f3n en varias situaciones, como la contabilidad y las devoluciones. Esto significa, por ejemplo, el almacenamiento de la direcci\u00f3n IP y similares. La informaci\u00f3n se almacena durante diez a\u00f1os.<\/span><\/p>\n<p><b>Cuando se piden medicamentos con receta<\/b><\/p>\n<p><span style=\"font-weight: 400;\">Los preparados de prescripci\u00f3n se registran por comercio. Esto es lo que exige la Ley de Farmacia. Se almacena cuando el nombre del paciente, el sexo y el n\u00famero de seguridad social, el medicamento, la dosis, etc. La informaci\u00f3n sobre cualquier excepci\u00f3n de deducible debe ser obtenida de los sitios web de NAV.<\/span><\/p>\n<p><span style=\"font-weight: 400;\">Adem\u00e1s, se registra la documentaci\u00f3n sobre el precio y cualquier cambio relacionado con el producto.<\/span><\/p>\n<p><span style=\"font-weight: 400;\">Puedes buscar los productos que has pedido en el historial de pedidos del perfil que has creado.<\/span><\/p>\n<p><b>Los derechos de los clientes<\/b><\/p>\n<p><span style=\"font-weight: 400;\">Tiene acceso a su propia informaci\u00f3n personal que est\u00e1 registrada en el archivo de la farmacia. Esto cumple con las leyes aplicables. Puede pedir verlos gratuitamente, y luego la informaci\u00f3n debe ser distribuida de forma segura. Esto puede hacerse a trav\u00e9s de una conexi\u00f3n segura en l\u00ednea o a trav\u00e9s de un correo an\u00f3nimo.<\/span><\/p>\n<p><span style=\"font-weight: 400;\">Es posible que se le pida que transfiera esta informaci\u00f3n a un competidor u otra empresa. Esto puede hacerse enviando la informaci\u00f3n directamente al nuevo jugador o por correo electr\u00f3nico.<\/span><\/p>\n<p><span style=\"font-weight: 400;\">Tambi\u00e9n es posible borrar toda la informaci\u00f3n privada en cualquier momento. Excepcionalmente, la regla se aplica si nosotros mismos no estamos obligados a almacenar la informaci\u00f3n de acuerdo con otras reglas.<\/span><\/p>\n<p><span style=\"font-weight: 400;\">Lo mismo se aplica al consentimiento, que puede ser revocado cuando quiera. Todo est\u00e1 disponible en nuestra farmacia en l\u00ednea si se conecta con un nombre de usuario y una contrase\u00f1a.<\/span><\/p>\n<p><span style=\"font-weight: 400;\">Las quejas se env\u00edan a la Autoridad Noruega de Protecci\u00f3n de Datos si, en su opini\u00f3n, la privacidad parece estar amenazada.<\/span><\/p>\n<p><b>Almacenamiento de datos sensibles<\/b><\/p>\n<p><span style=\"font-weight: 400;\">La Ley de contabilidad exige que se almacenen los datos durante cinco a\u00f1os. Para proteger sus derechos, el historial de pedidos se almacena durante 10 a\u00f1os. Esto permite cosas m\u00e1s claras como una garant\u00eda en las quejas y otras condiciones de venta.<\/span><\/p>\n<p><span style=\"font-weight: 400;\">Esto no es algo que hagamos sin m\u00e1s. Todas las farmacias almacenan esta informaci\u00f3n y la informaci\u00f3n sobre las recetas que han sido transportadas por hasta cinco a\u00f1os. La informaci\u00f3n se usa para estad\u00edsticas, sin que nadie sea identificado. Esto es de acuerdo con las normas sobre el registro de recetas. Tambi\u00e9n est\u00e1 obligado a proporcionar informaci\u00f3n sobre las recetas de los solicitantes al Servicio de Salud de Noruega si es pertinente.<\/span><\/p>\n<p><span style=\"font-weight: 400;\">Cuando compramos medicamentos de prescripci\u00f3n que pueden ser reembolsados, estamos obligados a proporcionar informaci\u00f3n para que la propia farmacia pueda recibir el reembolso de dichas prescripciones. La informaci\u00f3n puede ser el n\u00famero de nacimiento, el nombre del art\u00edculo, la dosis, etc.<\/span><\/p>\n<p><b>C\u00f3mo protegemos la informaci\u00f3n personal<\/b><\/p>\n<p><span style=\"font-weight: 400;\">Tenemos buenas rutinas y medidas para proteger y asegurar que las personas no autorizadas no tengan acceso a la informaci\u00f3n sensible que se ha revelado. Esto puede consistir en la aplicaci\u00f3n de medidas f\u00edsicas, an\u00e1lisis de riesgos, gesti\u00f3n de control y manejo de datos e informaci\u00f3n a trav\u00e9s de medidas de seguridad electr\u00f3nicas.<\/span><\/p>\n<p><span style=\"font-weight: 400;\">No hay riesgo de que la informaci\u00f3n se pierda o caiga en manos de personas no autorizadas. Por lo tanto, usted como cliente puede estar seguro de que el almacenamiento y la seguridad de la informaci\u00f3n se manejan de acuerdo con los requisitos establecidos.<\/span><\/p>\n<p><b>Entrega y env\u00edo<\/b><\/p>\n<p><span style=\"font-weight: 400;\">Apoteket se enorgullece de su colaboraci\u00f3n con jugadores conocidos para la distribuci\u00f3n. \u00bfFue PostNord, DHL o Posten Norge. S\u00f3lo la informaci\u00f3n m\u00e1s com\u00fan a la que estos jugadores tienen acceso, como la direcci\u00f3n de env\u00edo.<\/span><\/p>\n<p><span style=\"font-weight: 400;\">Los datos relacionados con el transporte y la entrega se eliminan despu\u00e9s de un a\u00f1o.<\/span><\/p>\n<p><b>M\u00e9todos de pago<\/b><\/p>\n<p><span style=\"font-weight: 400;\">La direcci\u00f3n IP es necesaria para registrar y ejecutar una orden. Adem\u00e1s de esta direcci\u00f3n, se necesita informaci\u00f3n para pagar adem\u00e1s de esta direcci\u00f3n, el nombre, el registro de entrega y el n\u00famero de m\u00f3vil. S\u00f3lo el departamento de finanzas puede manejar esta informaci\u00f3n estrictamente limitada.<\/span><\/p>\n<p><span style=\"font-weight: 400;\">Esto puede ser, por ejemplo, la informaci\u00f3n de la tarjeta. Estos se almacenan para una experiencia eficiente y sencilla del cliente. S\u00f3lo tenemos acceso a una peque\u00f1a parte de los detalles de la tarjeta, s\u00f3lo los cuatro primeros y los \u00faltimos n\u00fameros de todo el n\u00famero de la tarjeta.<\/span><\/p>\n<p><span style=\"font-weight: 400;\">3D-Secure es un m\u00e9todo que est\u00e1 encriptado y es seguro para nuestros clientes. S\u00f3lo necesita una tarjeta bancaria y una contrase\u00f1a para completar la transacci\u00f3n. Es muy simple, al mismo tiempo que es completamente seguro.<\/span><\/p>\n<p><span style=\"font-weight: 400;\">Con m\u00e9todos simples, la informaci\u00f3n puede ser guardada en el perfil de la p\u00e1gina web para que no tengas que rellenarla cada vez que compres. Puede ser importante recordar que hay que cerrar la sesi\u00f3n del perfil cada vez que se cierra un negocio. No se recomienda compartir los nombres de usuario y las contrase\u00f1as con nadie m\u00e1s.<\/span><\/p>\n<p><span style=\"font-weight: 400;\">La informaci\u00f3n se vincular\u00e1 con el perfil de cliente que usted haya especificado, y como tal se almacenar\u00e1 de acuerdo con las leyes y reglamentos.<\/span><\/p>\n<p><span style=\"font-weight: 400;\">Si prefiere usar otra tarjeta, puede borrar las tarjetas almacenadas e implementar nueva informaci\u00f3n. Este puede ser el caso, por ejemplo, cuando una tarjeta expira.<\/span><\/p>\n<p><b>Tortas, pasteles<\/b><\/p>\n<p><span style=\"font-weight: 400;\">Las cookies son b\u00e1sicamente archivos de datos almacenados en cada dispositivo utilizado. Han sido programados para mejorar la experiencia de los clientes. Puede ser una simple informaci\u00f3n de acceso o de la tarjeta. Adem\u00e1s, las cookies le ayudan a encontrar la mejor oferta al registrar sus b\u00fasquedas en la web sobre temas relevantes. De esta manera, podemos aumentar nuestra funcionalidad, mientras usted como cliente se conoce mejor.<\/span><\/p>\n<p><span style=\"font-weight: 400;\">Adem\u00e1s, tenemos cookies de terceros, pero s\u00f3lo se utilizan para estad\u00edsticas y an\u00e1lisis. Tambi\u00e9n tiene como objetivo ser utilizado en la comercializaci\u00f3n.<\/span><\/p>\n<p><span style=\"font-weight: 400;\">Si te sientes inc\u00f3modo con las cookies, puedes evitar que funcionen en el dispositivo que utilizas. Esto se hace siguiendo las instrucciones del navegador relacionadas con el uso de las cookies. Si decides eliminarlas, varias de las funciones de la farmacia no funcionar\u00e1n de manera \u00f3ptima.<\/span><\/p>\n<p><span style=\"font-weight: 400;\">Las estad\u00edsticas utilizadas en el an\u00e1lisis provienen de un n\u00famero de informaci\u00f3n impersonal sobre los clientes en el sitio web de la farmacia. Con eso nos referimos a datos que no pueden ser rastreados directamente a usted como usuario. El prop\u00f3sito es poder mejorar constantemente y ofrecer una mejor experiencia al cliente. Esto puede ser, por ejemplo, el n\u00famero de visitantes, cu\u00e1nto tiempo est\u00e1n en la p\u00e1gina, qu\u00e9 nacionalidad y qu\u00e9 navegador se utiliza.<\/span><\/p>\n<p><span style=\"font-weight: 400;\">Las estrategias de marketing tienen varias cosas que ver con esto. Por supuesto, hay nuestro propio inter\u00e9s en ello, pero tambi\u00e9n para que podamos prestar un servicio relevante y valioso. El contenido suele adaptarse para que sea relevante. Por lo tanto, podemos ver qu\u00e9 anuncios ha elegido para abrir y qu\u00e9 productos pueden ser vinculados a ellos. As\u00ed, podemos darle un mejor precio y un mejor servicio.<\/span><\/p>\n<p><span style=\"font-weight: 400;\">En ning\u00fan momento revelaremos o compartiremos informaci\u00f3n privada sobre usted a terceros. Por lo tanto, su informaci\u00f3n est\u00e1 completamente segura. La excepci\u00f3n es si un \u00f3rgano judicial requiere acceso.<\/span><\/p>\n<p><b>Cambios en la pol\u00edtica de privacidad<\/b><\/p>\n<p><span style=\"font-weight: 400;\">Si se inician cambios, se publicar\u00e1 una edici\u00f3n completamente revisada con una nueva fecha. Animamos a todos los clientes a que lean la declaraci\u00f3n con cuidado y ocasionalmente. Si se esperan cambios importantes, se les notificar\u00e1 por correo electr\u00f3nico, SMS u otros medios. Esto puede hacerse a trav\u00e9s de nuestras cuentas que est\u00e1n conectadas a los medios sociales o directamente aqu\u00ed en el sitio web.<\/span><\/p>\n<p><b>Informaci\u00f3n de contacto<\/b><\/p>\n<p><span style=\"font-weight: 400;\">Si hay otras preguntas para las que no ha recibido respuesta, puede visitar la lista de preguntas frecuentes. Tambi\u00e9n tiene la oportunidad de contactarnos directamente a trav\u00e9s de nuestra direcci\u00f3n de correo electr\u00f3nico. Si necesita la informaci\u00f3n que ha borrado o quiere que se distribuya, no dude en ponerse en contacto con nosotros inmediatamente.<\/span><\/p>\n<p><span style=\"font-weight: 400;\">\u00a0<\/span><\/p>\n<h2><\/h2>\n","protected":false},"excerpt":{"rendered":"<p>Privacidad y directrices En nuestra farmacia puede encontrar los medicamentos y preparados que necesita para mejorar su salud sin dolor. Pero para que usted tenga la mejor experiencia de usuario, hemos reservado una pol\u00edtica de privacidad. Somos responsables del manejo de la informaci\u00f3n personal de la empresa. Esto significa asegurar que el procesamiento y manejo &#8230; <a title=\"Pol\u00edtica de privacidad &#8211; Farmacia Spain 24\/7\" class=\"read-more\" href=\"https:\/\/www.farmaciasanisidro.es\/farmacia\/politica-de-privacidad\/\" aria-label=\"M\u00e1s en Pol\u00edtica de privacidad &#8211; Farmacia Spain 24\/7\">Leer m\u00e1s<\/a><\/p>\n","protected":false},"author":1,"featured_media":0,"parent":0,"menu_order":0,"comment_status":"closed","ping_status":"closed","template":"","meta":{"footnotes":""},"_links":{"self":[{"href":"https:\/\/www.farmaciasanisidro.es\/farmacia\/wp-json\/wp\/v2\/pages\/72"}],"collection":[{"href":"https:\/\/www.farmaciasanisidro.es\/farmacia\/wp-json\/wp\/v2\/pages"}],"about":[{"href":"https:\/\/www.farmaciasanisidro.es\/farmacia\/wp-json\/wp\/v2\/types\/page"}],"author":[{"embeddable":true,"href":"https:\/\/www.farmaciasanisidro.es\/farmacia\/wp-json\/wp\/v2\/users\/1"}],"replies":[{"embeddable":true,"href":"https:\/\/www.farmaciasanisidro.es\/farmacia\/wp-json\/wp\/v2\/comments?post=72"}],"version-history":[{"count":10,"href":"https:\/\/www.farmaciasanisidro.es\/farmacia\/wp-json\/wp\/v2\/pages\/72\/revisions"}],"predecessor-version":[{"id":915,"href":"https:\/\/www.farmaciasanisidro.es\/farmacia\/wp-json\/wp\/v2\/pages\/72\/revisions\/915"}],"wp:attachment":[{"href":"https:\/\/www.farmaciasanisidro.es\/farmacia\/wp-json\/wp\/v2\/media?parent=72"}],"curies":[{"name":"wp","href":"https:\/\/api.w.org\/{rel}","templated":true}]}}