{"id":2,"date":"2016-05-10T03:48:21","date_gmt":"2016-05-10T03:48:21","guid":{"rendered":"https:\/\/www.farmaciasanisidro.es\/farmacia\/?page_id=2"},"modified":"2026-01-12T14:01:06","modified_gmt":"2026-01-12T13:01:06","slug":"sobre-nosotros","status":"publish","type":"page","link":"https:\/\/www.farmaciasanisidro.es\/farmacia\/sobre-nosotros\/","title":{"rendered":"SOBRE NOSOTROS &#8211; Farmacia Spain 24\/7"},"content":{"rendered":"<h2><\/h2>\n<h2><b>Farmacia Spain 24\/7 &#8211; Farmacia online sobre la medici\u00f3n del 1800<\/b><\/h2>\n<p><span style=\"font-weight: 400;\">Es una farmacia en l\u00ednea donde todos vienen para obtener la ayuda necesaria en el \u00e1rea de problemas potenciales. Nos hemos comprometido con nuestros clientes para aplicar con confianza sus planes y sue\u00f1os y que ninguna enfermedad no afecte a su energ\u00eda y satisfacci\u00f3n vital. Somos conscientes de que la disfunci\u00f3n er\u00e9ctil sigue siendo un tema embarazoso para muchos hombres, as\u00ed que hacemos todo lo posible para que el pedido de Viagra, Cialis, Kamagra o Levitra sea r\u00e1pido y sin estr\u00e9s. En nuestra farmacia, nadie juzga, simpatiza o golpea alrededor del arbusto. Si tiene un problema, tenemos la soluci\u00f3n para \u00e9l. Somos la respuesta a los problemas del hombre moderno, que en su prisa diaria encuentra cada vez m\u00e1s dif\u00edcil encontrar satisfacci\u00f3n en la esfera \u00edntima.<\/span><\/p>\n<p><b>Cu\u00e1l es la diferencia entre la farmacia Farmacia Spain 24\/7?<\/b><\/p>\n<p><span style=\"font-weight: 400;\">En una \u00e9poca marcada por la tecnolog\u00eda moderna, la comodidad se ha convertido en algo importante para el pueblo. En lugar de la aspiradora normal, hay una aspiradora inteligente que viene a limpiar el suelo para nosotros. En lugar de la necesidad de molestarse en dejar el coche para la puerta abierta de la propiedad y la puerta del garaje somos un peque\u00f1o mando a distancia que abre todo con un solo clic. Mucha gente tambi\u00e9n elige para hacer compras m\u00e1s c\u00f3modas. Las tiendas en l\u00ednea, incluyendo las farmacias en l\u00ednea, garantizan una compra c\u00f3moda. \u00bfPor qu\u00e9 ir a \u00e9l, hacer cola y perder el tiempo cuando todo se puede pedir con unos pocos clics de rat\u00f3n?<\/span><\/p>\n<p><b>Por qu\u00e9 vale la pena comprar en la farmacia Farmacia Spain 24\/7?<\/b><\/p>\n<p><span style=\"font-weight: 400;\">Lo primero y m\u00e1s importante es que si la conveniencia antes mencionada , pero para pedir los productos en l\u00ednea tiene muchas m\u00e1s ventajas .<\/span><\/p>\n<ul>\n<li><span style=\"font-weight: 400;\"> Seguridad &#8211; Farmacia Farmacia Spain 24\/7 s\u00f3lo vende agentes originales y certificados para la fuerza . Nuestra prioridad es la salud y la seguridad de nuestros clientes . Cuidamos a todos los que conf\u00edan en nosotros y hacemos compras en la tienda . Todas las pastillas para la mejora erektilfunktionen descrito en detalle y con cuidado , por lo que todo el mundo va a buscar algo para s\u00ed mismo .<\/span><\/li>\n<li><span style=\"font-weight: 400;\"> Anonimato y confidencialidad &#8211; para comprar drogas para la impotencia , no conocer a un vecino que acaba de salir para comprar jarabe para la tos para su hija. Recibir\u00e1s las drogas discretamente empaquetadas para que ni siquiera el cartero adivine lo que has pedido. Esto es especialmente cierto con las p\u00edldoras de rendimiento sexual porque sabemos que muchos hombres se averg\u00fcenzan de este problema.<\/span><\/li>\n<li><span style=\"font-weight: 400;\"> Una amplia gama de drogas &#8211; \u00bfcu\u00e1ntas veces has o\u00eddo hablar de una farmacia que no tiene ninguna droga? Desperdiciaste tu tiempo, y dejaste la casa en vano, s\u00f3lo para que volvieras con las manos vac\u00edas. En la farmacia Farmacia Spain 24\/7 es una de esas situaciones que nunca te sorprender\u00e1. Ofrecemos una amplia gama de diferentes pastillas farmac\u00e9uticas para la fuerza. Incluso si sucede que una droga en particular no est\u00e1 disponible y quieres pedirla, podemos arreglarlo en unas pocas horas para que puedas empacar eficientemente y sin nervios innecesarios.<\/span><\/li>\n<li><span style=\"font-weight: 400;\"> Precios bajos de los medicamentos &#8211; el precio de los medicamentos en una farmacia en l\u00ednea es mucho m\u00e1s bajo que en una farmacia estacionaria . Est\u00e1 relacionado con el funcionamiento de una farmacia completamente diferente. Nuestros precios son competitivos, s\u00f3lo compara los precios en nuestro sitio web con los precios de las farmacias estacionarias y otras farmacias en l\u00ednea. Ofrecemos una amplia gama por mucho m\u00e1s barato porque queremos apoyar a las personas que han sufrido de disfunci\u00f3n er\u00e9ctil. Adem\u00e1s, en nuestra farmacia puede elegir entre medicamentos m\u00e1s caros y sus diversos y buenos sustitutos.<\/span><\/li>\n<li><span style=\"font-weight: 400;\"> Entrega directa &#8211; no es firme en los atascos de tr\u00e1fico para que llegue a la farmacia y ni siquiera le interesan las colas. Un mensajero o cartero lleva el paquete directamente a tu puerta, y no tienes que ir a ninguna parte.<\/span><\/li>\n<li><span style=\"font-weight: 400;\"> Satisfacci\u00f3n del cliente &#8211; dejamos claro que nuestros clientes vuelven a nosotros regularmente y est\u00e1n muy satisfechos con la facilidad con la que pueden pedirnos productos, la relaci\u00f3n calidad-precio, la rapidez de entrega y la discreci\u00f3n.<\/span><\/li>\n<\/ul>\n<p><b>En Farmacia Spain 24\/7 , es r\u00e1pido, seguro, conveniente y barato !<\/b><\/p>\n<p><span style=\"font-weight: 400;\">\u00a1Tengan en cuenta! Si sientes que algo est\u00e1 mal en tu cuerpo y tu erecci\u00f3n no es la misma que antes, \u00bfhay alguna se\u00f1al de que necesitas tomar medidas correctivas? No duden y no esperen que de repente vuelvan a la normalidad. Las dificultades iniciales para lograr la erecci\u00f3n y la satisfacci\u00f3n sexual son s\u00f3lo la punta del iceberg. Durante la \u00absuperficie\u00bb puede haber un problema de salud mucho m\u00e1s grande que debe ser detectado y tratado.<\/span><\/p>\n<p><span style=\"font-weight: 400;\">No dudes y empieza a actuar, porque s\u00f3lo depende de ti la rapidez con la que abordes este problema. Cuanto m\u00e1s se demore el tratamiento, m\u00e1s tiempo se debe esperar para los efectos del mismo.<\/span><\/p>\n<p><span style=\"font-weight: 400;\">\u00a0<\/span><\/p>\n<h2><\/h2>\n","protected":false},"excerpt":{"rendered":"<p>Farmacia Spain 24\/7 &#8211; Farmacia online sobre la medici\u00f3n del 1800 Es una farmacia en l\u00ednea donde todos vienen para obtener la ayuda necesaria en el \u00e1rea de problemas potenciales. Nos hemos comprometido con nuestros clientes para aplicar con confianza sus planes y sue\u00f1os y que ninguna enfermedad no afecte a su energ\u00eda y satisfacci\u00f3n &#8230; <a title=\"SOBRE NOSOTROS &#8211; Farmacia Spain 24\/7\" class=\"read-more\" href=\"https:\/\/www.farmaciasanisidro.es\/farmacia\/sobre-nosotros\/\" aria-label=\"M\u00e1s en SOBRE NOSOTROS &#8211; Farmacia Spain 24\/7\">Leer m\u00e1s<\/a><\/p>\n","protected":false},"author":1,"featured_media":0,"parent":0,"menu_order":0,"comment_status":"closed","ping_status":"open","template":"","meta":{"footnotes":""},"_links":{"self":[{"href":"https:\/\/www.farmaciasanisidro.es\/farmacia\/wp-json\/wp\/v2\/pages\/2"}],"collection":[{"href":"https:\/\/www.farmaciasanisidro.es\/farmacia\/wp-json\/wp\/v2\/pages"}],"about":[{"href":"https:\/\/www.farmaciasanisidro.es\/farmacia\/wp-json\/wp\/v2\/types\/page"}],"author":[{"embeddable":true,"href":"https:\/\/www.farmaciasanisidro.es\/farmacia\/wp-json\/wp\/v2\/users\/1"}],"replies":[{"embeddable":true,"href":"https:\/\/www.farmaciasanisidro.es\/farmacia\/wp-json\/wp\/v2\/comments?post=2"}],"version-history":[{"count":12,"href":"https:\/\/www.farmaciasanisidro.es\/farmacia\/wp-json\/wp\/v2\/pages\/2\/revisions"}],"predecessor-version":[{"id":4636,"href":"https:\/\/www.farmaciasanisidro.es\/farmacia\/wp-json\/wp\/v2\/pages\/2\/revisions\/4636"}],"wp:attachment":[{"href":"https:\/\/www.farmaciasanisidro.es\/farmacia\/wp-json\/wp\/v2\/media?parent=2"}],"curies":[{"name":"wp","href":"https:\/\/api.w.org\/{rel}","templated":true}]}}