{"id":173,"date":"2020-08-26T09:58:15","date_gmt":"2020-08-26T09:58:15","guid":{"rendered":"https:\/\/www.farmaciasanisidro.es\/farmacia\/helpie_faq_page\/"},"modified":"2024-02-08T14:54:45","modified_gmt":"2024-02-08T13:54:45","slug":"preguntas-comunes","status":"publish","type":"page","link":"https:\/\/www.farmaciasanisidro.es\/farmacia\/preguntas-comunes\/","title":{"rendered":"PREGUNTAS FRECUENTES &#8211; Farmacia Spain 24\/7"},"content":{"rendered":"\n\n\n<h3 class=\"wp-block-heading\"><section id=\"\" class=\"helpie-faq accordions \"><h3 class=\"collection-title\">Preguntas frecuentes sobre farmacias en l\u00ednea<\/h3><form class=\"search\" onSubmit=\"return false;\"><input type=\"text\" class=\"search__input live-search-box\" placeholder=\"ingrese el t\u00e9rmino de b\u00fasqueda\"><img class=\"search__icon\" src=\"https:\/\/www.farmaciasanisidro.es\/farmacia\/wp-content\/plugins\/helpie-faq\/\/assets\/img\/search-icon.png\"><\/form><article class=\"accordion \"><li class=\"accordion__item\"><div class=\"accordion__header \" data-id=\"post-819\" data-item=\"hfaq-post-819\"><div class=\"accordion__title\">\u00bfQu\u00e9 significa el t\u00e9rmino \"gen\u00e9rico\"?<\/div><\/div><div class=\"accordion__body\" ><p>\n<p>Los medicamentos gen\u00e9ricos se producen y distribuyen sin protecci\u00f3n de patentes. Un gen\u00e9rico contiene los mismos ingredientes activos que las p\u00edldoras de marca y se identifica por su nombre qu\u00edmico en lugar de su nombre de marca. Los medicamentos de Gen\u00e9ricoa son fabricados por el fabricante certificado pero no por el fabricante del medicamento original. Los medicamentos de Gen\u00e9ricoa pueden ser emitidos cuando la patente del equivalente de la marca comercial expira. Al final de la patente del medicamento original, cada empresa farmac\u00e9utica puede tener derecho a su producci\u00f3n y comprar una f\u00f3rmula qu\u00edmica.<\/p>\n<\/p><\/div><\/li><li class=\"accordion__item\"><div class=\"accordion__header \" data-id=\"post-811\" data-item=\"hfaq-post-811\"><div class=\"accordion__title\">\u00bfQu\u00e9 sucede si el embalaje est\u00e1 da\u00f1ado o si falta algo?<\/div><\/div><div class=\"accordion__body\" ><p>\n<p>En este caso, contacte con nuestro equipo de apoyo e informe del problema. Reenviaremos el paquete o le reembolsaremos su pago. Consulte nuestra garant\u00eda de entrega para obtener m\u00e1s informaci\u00f3n. Tenga en cuenta que si hay 100 o m\u00e1s comprimidos en su pedido, \u00e9ste se enviar\u00e1 en varios paquetes.<\/p>\n<\/p><\/div><\/li><li class=\"accordion__item\"><div class=\"accordion__header \" data-id=\"post-812\" data-item=\"hfaq-post-812\"><div class=\"accordion__title\">\u00bfNecesita recetas antes de comprar en su sitio web?<\/div><\/div><div class=\"accordion__body\" ><p>\n<p>Por favor, tenga en cuenta que no necesitamos una receta para nada de lo que pueda pedir en nuestro sitio web, pero le recomendamos encarecidamente que consulte a su m\u00e9dico antes de pedirnos algo.<\/p>\n\n\n\n<p>Entendemos que su confidencialidad y anonimato son importantes cuando hace un pedido en l\u00ednea con nosotros. Por eso nuestros pedidos se env\u00edan en paquetes discretos sin ninguna informaci\u00f3n sobre el contenido en el exterior del paquete.<\/p>\n<\/p><\/div><\/li><li class=\"accordion__item\"><div class=\"accordion__header \" data-id=\"post-815\" data-item=\"hfaq-post-815\"><div class=\"accordion__title\">\u00bfCu\u00e1l es la diferencia entre la medicina blanda y la ordinaria?<\/div><\/div><div class=\"accordion__body\" ><p>\n<p>Nombre del medicamento: Viagra, Dosis: 50 mg, 100 mg, Tiempo antes de empezar a actuar: 1 hora, C\u00f3mo tomarlo: traer un vaso de agua, Comida grasosa\/alcohol: no, El efecto dura: 3-4 horas<\/p>\n\n\n\n<p>Nombre del medicamento: Viagra Soft, Dosis: 50 mg, 100 mg, Tiempo antes de empezar a actuar: 15 &#8211; 20 minutos, C\u00f3mo tomarlo: ponerlo debajo de la lengua hasta que se disuelva, Comida grasosa \/ alcohol: s\u00ed, El efecto dura: 6 horas<\/p>\n\n\n\n<p>Nombre del medicamento: Viagra Professional, Dosis: 100 mg, Tiempo antes de empezar a actuar: 30 min, C\u00f3mo tomarlo: llevar un vaso de agua, Grasa \/ alcohol: s\u00ed, El efecto dura: 4 horas<\/p>\n\n\n\n<p>Nombre del medicamento: Viagra Super Active, Dosis: 100 mg, Tiempo antes de empezar a actuar: 10 min, C\u00f3mo tomarlo: llevar un vaso de agua, Grasa\/alcohol: no, El efecto dura: 9 horas<\/p>\n\n\n\n<p>Nombre de la droga: Cialis, Dosis: 20 mg, Tiempo antes de empezar a actuar: 30 minutos, C\u00f3mo tomarlo: traer un vaso de agua, Grasa \/ alcohol: no, El efecto dura: 36 horas<\/p>\n\n\n\n<p>Nombre de la droga: Cialis Soft, Dosis: 20 mg, Tiempo antes de empezar a actuar: 15 &#8211; 20 minutos, C\u00f3mo tomarlo: ponerlo debajo de la lengua hasta que se disuelva, Comida grasosa \/ alcohol: s\u00ed, El efecto dura: 24 &#8211; 36 horas<\/p>\n\n\n\n<p>Nombre de la droga: Cialis Super Active, Dosis: 20 mg, Tiempo antes de empezar a actuar: 5-7 min, C\u00f3mo tomarlo: llevar un vaso de agua, Comida grasosa\/alcohol: s\u00ed, El efecto dura: 50 &#8211; 55 horas<\/p>\n\n\n\n<p>Nombre del medicamento: Levitra, Dosis: 20 mg, Tiempo antes de empezar a actuar: 10 minutos &#8211; 1 hora, C\u00f3mo tomarlo: traer un vaso de agua, Grasa \/ alcohol: no, El efecto dura: 12 horas<\/p>\n<\/p><\/div><\/li><li class=\"accordion__item\"><div class=\"accordion__header \" data-id=\"post-816\" data-item=\"hfaq-post-816\"><div class=\"accordion__title\">\u00bfLas p\u00edldoras gen\u00e9ricas que se venden aqu\u00ed est\u00e1n aprobadas por la FDA?<\/div><\/div><div class=\"accordion__body\" ><p>\n<p>Todas las p\u00edldoras gen\u00e9ricas son compa\u00f1\u00edas aprobadas por la FDA.<\/p>\n<\/p><\/div><\/li><li class=\"accordion__item\"><div class=\"accordion__header \" data-id=\"post-817\" data-item=\"hfaq-post-817\"><div class=\"accordion__title\">\u00bfCu\u00e1l es la calidad de los medicamentos gen\u00e9ricos?<\/div><\/div><div class=\"accordion__body\" ><p>\n<p>La calidad de los medicamentos gen\u00e9ricos no difiere de la de sus hom\u00f3logos de marca, aunque s\u00ed difieren en forma y color. Los medicamentos gen\u00e9ricos tienen id\u00e9nticos ingredientes activos, la cantidad y la tasa de absorci\u00f3n de sus ingredientes activos en el torrente sangu\u00edneo.<\/p>\n<\/p><\/div><\/li><li class=\"accordion__item\"><div class=\"accordion__header \" data-id=\"post-818\" data-item=\"hfaq-post-818\"><div class=\"accordion__title\">\u00bfPor qu\u00e9 los medicamentos gen\u00e9ricos cuestan menos que las marcas?<\/div><\/div><div class=\"accordion__body\" ><p>\n<p>A diferencia de los medicamentos gen\u00e9ricos, una gran parte de los costos de los fabricantes originales de medicamentos de marca son para la investigaci\u00f3n y el desarrollo y la publicidad. Las empresas que fabrican medicamentos gen\u00e9ricos no tienen que invertir en ninguna investigaci\u00f3n y desarrollo ni pagar por la publicidad y la comercializaci\u00f3n. S\u00f3lo es necesario comprar una f\u00f3rmula qu\u00edmica para producir un medicamento gen\u00e9rico. En consecuencia, usted obtiene medicamentos de clase mundial a un precio razonable!<\/p>\n<\/p><\/div><\/li><li class=\"accordion__item\"><div class=\"accordion__header \" data-id=\"post-821\" data-item=\"hfaq-post-821\"><div class=\"accordion__title\">\u00bfSe puede retrasar mi pedido en la aduana?<\/div><\/div><div class=\"accordion__body\" ><p>\n<p>Si esto sucede, se le informar\u00e1. Se le pide al destinatario que venga y d\u00e9 permiso para examinar el paquete. Entonces deber\u00eda recibir sus productos. Si tiene alg\u00fan problema para recibir su pedido, por favor h\u00e1ganoslo saber e intentaremos resolver el problema.<\/p>\n<\/p><\/div><\/li><\/article><\/section><\/h3>\n","protected":false},"excerpt":{"rendered":"","protected":false},"author":1,"featured_media":0,"parent":0,"menu_order":0,"comment_status":"closed","ping_status":"closed","template":"","meta":{"footnotes":""},"_links":{"self":[{"href":"https:\/\/www.farmaciasanisidro.es\/farmacia\/wp-json\/wp\/v2\/pages\/173"}],"collection":[{"href":"https:\/\/www.farmaciasanisidro.es\/farmacia\/wp-json\/wp\/v2\/pages"}],"about":[{"href":"https:\/\/www.farmaciasanisidro.es\/farmacia\/wp-json\/wp\/v2\/types\/page"}],"author":[{"embeddable":true,"href":"https:\/\/www.farmaciasanisidro.es\/farmacia\/wp-json\/wp\/v2\/users\/1"}],"replies":[{"embeddable":true,"href":"https:\/\/www.farmaciasanisidro.es\/farmacia\/wp-json\/wp\/v2\/comments?post=173"}],"version-history":[{"count":9,"href":"https:\/\/www.farmaciasanisidro.es\/farmacia\/wp-json\/wp\/v2\/pages\/173\/revisions"}],"predecessor-version":[{"id":4165,"href":"https:\/\/www.farmaciasanisidro.es\/farmacia\/wp-json\/wp\/v2\/pages\/173\/revisions\/4165"}],"wp:attachment":[{"href":"https:\/\/www.farmaciasanisidro.es\/farmacia\/wp-json\/wp\/v2\/media?parent=173"}],"curies":[{"name":"wp","href":"https:\/\/api.w.org\/{rel}","templated":true}]}}