{"id":1204,"date":"2021-02-26T11:16:30","date_gmt":"2021-02-26T11:16:30","guid":{"rendered":"https:\/\/www.farmaciasanisidro.es\/farmacia\/?page_id=1204"},"modified":"2026-01-12T15:58:55","modified_gmt":"2026-01-12T14:58:55","slug":"oral-jelly-apcalis-online-gratis","status":"publish","type":"page","link":"https:\/\/www.farmaciasanisidro.es\/farmacia\/oral-jelly-apcalis-online-gratis\/","title":{"rendered":"Apcalis Oral Jelly 20 mg compra en Espa\u00f1a con gu\u00eda clara"},"content":{"rendered":"\n<div class=\"wp-block-group is-layout-constrained wp-block-group-is-layout-constrained\"><div class=\"wp-block-group__inner-container\">\n<figure class=\"wp-block-table alignright\"><table><tbody><tr><td><strong>Disponibilidad:<\/strong><\/td><td>S\u00ed \u2713<\/td><\/tr><tr><td><strong>Pago:<\/strong><\/td><td><img decoding=\"async\" src=\"\/wp-content\/uploads\/visa.png\" alt=\"Visa\"><img decoding=\"async\" src=\"\/wp-content\/uploads\/mastercard.png\" alt=\"MasterCard\"><img decoding=\"async\" src=\"\/wp-content\/uploads\/bitcoin.png\" alt=\"Bitcoin\"><img decoding=\"async\" src=\"\/wp-content\/uploads\/usdt.png\" alt=\"USDT\"><img decoding=\"async\" src=\"https:\/\/www.farmaciasanisidro.es\/farmacia\/wp-content\/uploads\/bitcoin.png\" alt=\"bitcoin\"><img decoding=\"async\" src=\"https:\/\/www.farmaciasanisidro.es\/farmacia\/wp-content\/uploads\/usdt.png\" alt=\"usdt\"><\/td><\/tr><\/tbody><\/table><\/figure>\n\n\n\n<div class=\"wp-block-columns is-layout-flex wp-container-2 wp-block-columns-is-layout-flex\">\n<div class=\"wp-block-column is-layout-flow wp-block-column-is-layout-flow\" style=\"flex-basis:100%\">\n<figure class=\"wp-block-image size-full is-resized\"><img decoding=\"async\" loading=\"lazy\" width=\"600\" height=\"600\" src=\"https:\/\/www.farmaciasanisidro.es\/farmacia\/wp-content\/uploads\/apcalis-oral-jelly-1.png\" alt=\"Apcalis Oral Jelly\" class=\"wp-image-2590\" style=\"aspect-ratio:1.3487179487179488;width:419px;height:auto\" srcset=\"https:\/\/www.farmaciasanisidro.es\/farmacia\/wp-content\/uploads\/apcalis-oral-jelly-1.png 600w, https:\/\/www.farmaciasanisidro.es\/farmacia\/wp-content\/uploads\/apcalis-oral-jelly-1-300x300.png 300w, https:\/\/www.farmaciasanisidro.es\/farmacia\/wp-content\/uploads\/apcalis-oral-jelly-1-150x150.png 150w, https:\/\/www.farmaciasanisidro.es\/farmacia\/wp-content\/uploads\/apcalis-oral-jelly-1-200x200.png 200w, https:\/\/www.farmaciasanisidro.es\/farmacia\/wp-content\/uploads\/apcalis-oral-jelly-1-100x100.png 100w\" sizes=\"(max-width: 600px) 100vw, 600px\" \/><\/figure>\n<\/div>\n<\/div>\n<\/div><\/div>\n\n\n\n<p><strong>Apcalis Oral Jelly <\/strong>es un medicamento moderno para combatir la impotencia masculina. Los chicos aprecian este f\u00e1rmaco por su probada eficacia, su alta velocidad de resultados y su c\u00f3moda forma de liberaci\u00f3n en forma de sobrecito de gelatina.\u00a0El medicamento es un an\u00e1logo de <strong>Cialis <\/strong>a un precio razonable. Ambos medicamentos contienen <strong>Tadalafil<\/strong>, un potente inhibidor del FDE-5. Usted puede comprar el medicamento en l\u00ednea sin receta en el sitio web de nuestra farmacia en l\u00ednea. Garantizamos la privacidad y la seguridad de cada cliente.<\/p>\n\n\n\n<p>Si te preguntas <a href=\"https:\/\/www.farmaciasanisidro.es\/farmacia\/generico-cialis-comprar\/\" data-type=\"link\" data-id=\"https:\/\/www.farmaciasanisidro.es\/farmacia\/generico-cialis-comprar\/\">donde puedo comprar Cialis sin receta<\/a>, prioriza sitios que detallen claramente origen, condiciones de env\u00edo y pol\u00edtica de devoluci\u00f3n antes de finalizar el pedido.<\/p>\n\n\n\n<div class=\"tab\" data-sort = \"asc\"><button class=\"tablinks tablinks_default active\" data-target = \"tab-20\">20mg<\/button><\/div><div id =\"tab-20\" class = \"tabcontent active\" >\n            <div class=\"table-container\">\n                <div id=\"shop-prod-table\">\n                <table class=\"table\">\n                <caption><h2> Apcalis Oral Jelly  20mg<\/h2><\/caption>\n                <thead>\n                       <tr class=\"table-header_default\">\n                                <th scope =\"col\">Paquete<\/th>\n                                <th scope =\"col\"> Precio<\/th>\n                                <th scope =\"col\">Por Bolsita<\/th>\n                                <th scope =\"col\">Ahorros<\/th>\n                                <th scope =\"col\">Bonificaci\u00f3n<\/th>\n                                <th scope =\"col\"><\/th>\n                        <\/tr>\n                <\/thead><tbody><tr>\n             <td data-title=\"Paquete\">20mg x 10 bolsitas<\/td>\n             <td data-title=\"Precio\"> <div itemprop=\"offers\" itemscope=\"itemscope\" itemtype=\"https:\/\/schema.org\/Offer\">\n            \n            <meta itemprop=\"url\" content =\"https:\/\/www.farmaciasanisidro.es\/farmacia\/oral-jelly-apcalis-online-gratis\/\">\n            <link itemprop =\"availability\" href=\"https:\/\/schema.org\/InStock\">\n            <span itemprop=\"priceCurrency\" content=\"EUR\">\u20ac<\/span> <span itemprop=\"price\" content=\"55.95\">55.95<\/span><\/div><\/td>\n             <td data-title=\"Por Bolsita\">\u20ac 5.6<\/td>\n             <td class=\"field-economy_default\" data-title=\"Ahorros\">\u20ac 0<\/td>\n             <td data-title=\"Bonificaci\u00f3n\">-<\/td>\n             <td data-title=\"\">\n                <a href=\"?add-to-cart=2620\" class =\"buy-btn_default buy-btn ajax_add_to_cart add_to_cart_button\" rel=\"nofollow\" data-product_id = \"2620\">Comprar<\/a>\n             <\/td>\n            <\/tr><tr>\n             <td data-title=\"Paquete\">20mg x 17 bolsitas<\/td>\n             <td data-title=\"Precio\"> <div itemprop=\"offers\" itemscope=\"itemscope\" itemtype=\"https:\/\/schema.org\/Offer\">\n            <span class=\"crossed_out_price\">\u20ac 95.22 \/<\/span>\n            <meta itemprop=\"url\" content =\"https:\/\/www.farmaciasanisidro.es\/farmacia\/oral-jelly-apcalis-online-gratis\/\">\n            <link itemprop =\"availability\" href=\"https:\/\/schema.org\/InStock\">\n            <span itemprop=\"priceCurrency\" content=\"EUR\">\u20ac<\/span> <span itemprop=\"price\" content=\"90.97\">90.97<\/span><\/div><\/td>\n             <td data-title=\"Por Bolsita\">\u20ac 5.35<\/td>\n             <td class=\"field-economy_default\" data-title=\"Ahorros\">\u20ac 4.25<\/td>\n             <td data-title=\"Bonificaci\u00f3n\">+ 4 bolsitas<\/td>\n             <td data-title=\"\">\n                <a href=\"?add-to-cart=2622\" class =\"buy-btn_default buy-btn ajax_add_to_cart add_to_cart_button\" rel=\"nofollow\" data-product_id = \"2622\">Comprar<\/a>\n             <\/td>\n            <\/tr><tr>\n             <td data-title=\"Paquete\">20mg x 30 bolsitas<\/td>\n             <td data-title=\"Precio\"> <div itemprop=\"offers\" itemscope=\"itemscope\" itemtype=\"https:\/\/schema.org\/Offer\">\n            <span class=\"crossed_out_price\">\u20ac 168.09 \/<\/span>\n            <meta itemprop=\"url\" content =\"https:\/\/www.farmaciasanisidro.es\/farmacia\/oral-jelly-apcalis-online-gratis\/\">\n            <link itemprop =\"availability\" href=\"https:\/\/schema.org\/InStock\">\n            <span itemprop=\"priceCurrency\" content=\"EUR\">\u20ac<\/span> <span itemprop=\"price\" content=\"135.09\">135.09<\/span><\/div><\/td>\n             <td data-title=\"Por Bolsita\">\u20ac 4.5<\/td>\n             <td class=\"field-economy_default\" data-title=\"Ahorros\">\u20ac 33<\/td>\n             <td data-title=\"Bonificaci\u00f3n\">+ 5 bolsitas<\/td>\n             <td data-title=\"\">\n                <a href=\"?add-to-cart=2623\" class =\"buy-btn_default buy-btn ajax_add_to_cart add_to_cart_button\" rel=\"nofollow\" data-product_id = \"2623\">Comprar<\/a>\n             <\/td>\n            <\/tr><tr>\n             <td data-title=\"Paquete\">20mg x 50 bolsitas<\/td>\n             <td data-title=\"Precio\"> <div itemprop=\"offers\" itemscope=\"itemscope\" itemtype=\"https:\/\/schema.org\/Offer\">\n            <span class=\"crossed_out_price\">\u20ac 279.92 \/<\/span>\n            <meta itemprop=\"url\" content =\"https:\/\/www.farmaciasanisidro.es\/farmacia\/oral-jelly-apcalis-online-gratis\/\">\n            <link itemprop =\"availability\" href=\"https:\/\/schema.org\/InStock\">\n            <span itemprop=\"priceCurrency\" content=\"EUR\">\u20ac<\/span> <span itemprop=\"price\" content=\"139.42\">139.42<\/span><\/div><\/td>\n             <td data-title=\"Por Bolsita\">\u20ac 2.79<\/td>\n             <td class=\"field-economy_default\" data-title=\"Ahorros\">\u20ac 140.5<\/td>\n             <td data-title=\"Bonificaci\u00f3n\">+ 6 bolsitas<\/td>\n             <td data-title=\"\">\n                <a href=\"?add-to-cart=2624\" class =\"buy-btn_default buy-btn ajax_add_to_cart add_to_cart_button\" rel=\"nofollow\" data-product_id = \"2624\">Comprar<\/a>\n             <\/td>\n            <\/tr><tr>\n             <td data-title=\"Paquete\">20mg x 70 bolsitas<\/td>\n             <td data-title=\"Precio\"> <div itemprop=\"offers\" itemscope=\"itemscope\" itemtype=\"https:\/\/schema.org\/Offer\">\n            <span class=\"crossed_out_price\">\u20ac 391.77 \/<\/span>\n            <meta itemprop=\"url\" content =\"https:\/\/www.farmaciasanisidro.es\/farmacia\/oral-jelly-apcalis-online-gratis\/\">\n            <link itemprop =\"availability\" href=\"https:\/\/schema.org\/InStock\">\n            <span itemprop=\"priceCurrency\" content=\"EUR\">\u20ac<\/span> <span itemprop=\"price\" content=\"176.17\">176.17<\/span><\/div><\/td>\n             <td data-title=\"Por Bolsita\">\u20ac 2.52<\/td>\n             <td class=\"field-economy_default\" data-title=\"Ahorros\">\u20ac 215.6<\/td>\n             <td data-title=\"Bonificaci\u00f3n\">+ 7 bolsitas<\/td>\n             <td data-title=\"\">\n                <a href=\"?add-to-cart=2625\" class =\"buy-btn_default buy-btn ajax_add_to_cart add_to_cart_button\" rel=\"nofollow\" data-product_id = \"2625\">Comprar<\/a>\n             <\/td>\n            <\/tr><tr>\n             <td data-title=\"Paquete\">20mg x 120 bolsitas<\/td>\n             <td data-title=\"Precio\"> <div itemprop=\"offers\" itemscope=\"itemscope\" itemtype=\"https:\/\/schema.org\/Offer\">\n            <span class=\"crossed_out_price\">\u20ac 671.43 \/<\/span>\n            <meta itemprop=\"url\" content =\"https:\/\/www.farmaciasanisidro.es\/farmacia\/oral-jelly-apcalis-online-gratis\/\">\n            <link itemprop =\"availability\" href=\"https:\/\/schema.org\/InStock\">\n            <span itemprop=\"priceCurrency\" content=\"EUR\">\u20ac<\/span> <span itemprop=\"price\" content=\"267.03\">267.03<\/span><\/div><\/td>\n             <td data-title=\"Por Bolsita\">\u20ac 2.23<\/td>\n             <td class=\"field-economy_default\" data-title=\"Ahorros\">\u20ac 404.4<\/td>\n             <td data-title=\"Bonificaci\u00f3n\">+ 13 bolsitas<\/td>\n             <td data-title=\"\">\n                <a href=\"?add-to-cart=2621\" class =\"buy-btn_default buy-btn ajax_add_to_cart add_to_cart_button\" rel=\"nofollow\" data-product_id = \"2621\">Comprar<\/a>\n             <\/td>\n            <\/tr><\/tbody> <\/table>\n            <\/div>\n        <\/div>\n    <\/div>\n\n\n<table>\n<tbody>\n<tr>\n<td>Se Utiliza Para:<\/td>\n<td>Mejorar El Poder<\/td>\n<\/tr>\n<tr>\n<td>Componente Activo:<\/td>\n<td>Tadalafil<\/td>\n<\/tr>\n<tr>\n<td>Dosis:<\/td>\n<td>20 Mg<\/td>\n<\/tr>\n<tr>\n<td>Formulario De Producci\u00f3n:<\/td>\n<td>Gel Con Sabores Afrutados<\/td>\n<\/tr>\n<tr>\n<td>La Acci\u00f3n Ocurre:<\/td>\n<td>Dentro De 30-60 Minutos<\/td>\n<\/tr>\n<tr>\n<td>Efecto Dif\u00edcil:<\/td>\n<td>Hasta 8 Horas<\/td>\n<\/tr>\n<tr>\n<td>Venta De Apcalis:<\/td>\n<td>Sin Receta<\/td>\n<\/tr>\n<\/tbody>\n<\/table>\n\n\n<div class=\"wp-block-media-text is-stacked-on-mobile\" style=\"grid-template-columns:15% auto\"><figure class=\"wp-block-media-text__media\"><img decoding=\"async\" loading=\"lazy\" width=\"640\" height=\"640\" src=\"https:\/\/www.farmaciasanisidro.es\/farmacia\/wp-content\/uploads\/farmaciasanisidro.es-autor-Carlos-Barros-Lima.webp\" alt=\"farmaciasanisidro.es autor Dr. Carlos Barros Lima\" class=\"wp-image-4433 size-full\" srcset=\"https:\/\/www.farmaciasanisidro.es\/farmacia\/wp-content\/uploads\/farmaciasanisidro.es-autor-Carlos-Barros-Lima.webp 640w, https:\/\/www.farmaciasanisidro.es\/farmacia\/wp-content\/uploads\/farmaciasanisidro.es-autor-Carlos-Barros-Lima-300x300.webp 300w, https:\/\/www.farmaciasanisidro.es\/farmacia\/wp-content\/uploads\/farmaciasanisidro.es-autor-Carlos-Barros-Lima-150x150.webp 150w, https:\/\/www.farmaciasanisidro.es\/farmacia\/wp-content\/uploads\/farmaciasanisidro.es-autor-Carlos-Barros-Lima-200x200.webp 200w, https:\/\/www.farmaciasanisidro.es\/farmacia\/wp-content\/uploads\/farmaciasanisidro.es-autor-Carlos-Barros-Lima-100x100.webp 100w\" sizes=\"(max-width: 640px) 100vw, 640px\" \/><\/figure><div class=\"wp-block-media-text__content\">\n<p><a href=\"https:\/\/www.farmaciasanisidro.es\/farmacia\/autor\/\" data-type=\"link\" data-id=\"https:\/\/www.farmaciasanisidro.es\/farmacia\/autor\/\" target=\"_blank\" rel=\"noreferrer noopener\">Carlos Barros Lima<\/a> vive en Memphis, Tennessee, EE. UU. Trabaja como ur\u00f3logo en el Centro de Urolog\u00eda del Sur, ubicado en los suburbios de Memphis C\u00f3rdoba.<\/p>\n<\/div><\/div>\n\n\n\n<div class=\"wp-block-rank-math-toc-block\" id=\"rank-math-toc\"><h2>Table of Contents<\/h2><nav><ul><li><a href=\"#finalidad-caracteristicas-del-farmaco-diferencias-con-otros-tipos-de-cialis\">Para que sirve Apcalis Oral Jelly y sus diferencias frente a Cialis<\/a><\/li><li><a href=\"#como-tomar-apcalis-oral-jelly\">Apcalis Oral Jelly 20 mg c\u00f3mo tomar el sobre y cu\u00e1ndo usarlo<\/a><\/li><li><a href=\"#dosificacion-de-apcalis-oral-jelly\">Apcalis Oral Jelly 20mg dosis orientativa y ajustes por tolerancia<\/a><\/li><\/ul><\/nav><\/div>\n\n\n\n<h2 class=\"wp-block-heading\" id=\"finalidad-caracteristicas-del-farmaco-diferencias-con-otros-tipos-de-cialis\">Para que sirve Apcalis Oral Jelly y sus diferencias frente a Cialis<\/h2>\n\n\n\n<p>Apcalis Oral Jelly se utiliza para tratar la disfunci\u00f3n er\u00e9ctil. La erecci\u00f3n insuficiente para el sexo es un problema frecuente de los hombres en todo el mundo. Una de las principales razones de esta afecci\u00f3n es un flujo sangu\u00edneo insuficiente hacia los \u00f3rganos p\u00e9lvicos.&nbsp;<\/p>\n\n\n\n<p>Los medicamentos que contienen sustancias especiales en su composici\u00f3n bloquean la producci\u00f3n de ciertas enzimas. La relajaci\u00f3n de los m\u00fasculos que rodean el pene y la dilataci\u00f3n de los vasos sangu\u00edneos permiten que el pene entre en un estado de tensi\u00f3n como resultado de la estimulaci\u00f3n sexual.&nbsp;<\/p>\n\n\n\n<h3 class=\"wp-block-heading\" id=\"como-funciona-apcalis-oral-jelly\">Apcalis Oral Jelly 20mg as\u00ed act\u00faa el tadalafil en gel<\/h3>\n\n\n\n<p>El tadalafilo es un inhibidor de la FDE-5. Al relajar los m\u00fasculos lisos, garantiza una buena circulaci\u00f3n sangu\u00ednea y una mayor erecci\u00f3n. El f\u00e1rmaco se absorbe r\u00e1pidamente en la sangre a trav\u00e9s de la cavidad oral y el tracto gastrointestinal.&nbsp;<\/p>\n\n\n\n<p>El efecto m\u00e1ximo se produce 1-2 horas despu\u00e9s de tomar el sobre. El grado de efecto en el organismo no depende de la cantidad ingerida, pero la absorci\u00f3n puede retrasarse.&nbsp;<\/p>\n\n\n\n<h3 class=\"wp-block-heading\" id=\"diferencias-entre-apcalis-oral-jelly-y-viagra\">Diferencias entre Apcalis Oral Jelly y Viagra&nbsp;<\/h3>\n\n\n\n<p>Viagra es uno de los estimulantes m\u00e1s populares que contiene Sildenafil. Levitra (Vardenafil) es un medicamento igualmente popular. El efecto de estas sustancias es similar, siendo la principal diferencia el coste, la concentraci\u00f3n del principio activo y la rapidez del resultado.&nbsp;<\/p>\n\n\n\n<p>La decisi\u00f3n final la toma el m\u00e9dico. Tras un examen m\u00e9dico completo, el m\u00e9dico puede detectar la intolerancia individual a los distintos componentes de las sustancias. La consulta temprana con un especialista le permitir\u00e1 evitar muchas consecuencias negativas.&nbsp;<\/p>\n\n\n\n<h2 class=\"wp-block-heading\" id=\"como-tomar-apcalis-oral-jelly\">Apcalis Oral Jelly 20 mg c\u00f3mo tomar el sobre y cu\u00e1ndo usarlo<\/h2>\n\n\n\n<p>Apcalis Oral Jelly se diferencia de los medicamentos est\u00e1ndar por su forma. Un sobre de gel contiene 20 mg de Tadalafil. El contenido se exprime en la cavidad bucal por completo al menos 20 minutos antes de las relaciones sexuales previstas.&nbsp;<\/p>\n\n\n\n<p>Si su m\u00e9dico le ha recetado una dosis menor, debe dividir el medicamento en dos o tres partes. Tenga en cuenta que el resto no puede ser tomado y debe ser tirado.&nbsp;<\/p>\n\n\n\n<p>La duraci\u00f3n de la respuesta de un sujeto a la toma del principio activo depende de las caracter\u00edsticas individuales: tasa metab\u00f3lica y peso. Por lo general, la funci\u00f3n er\u00e9ctil se mantiene durante 36-48 horas.&nbsp;<\/p>\n\n\n\n<h3 class=\"wp-block-heading\" id=\"que-mas-debe-saber-antes-de-tomarla\">Apcalis Oral Jelly lo esencial antes del primer uso<\/h3>\n\n\n\n<p>Tadalafil comienza a funcionar s\u00f3lo bajo la condici\u00f3n de estimulaci\u00f3n sexual. La erecci\u00f3n se logra s\u00f3lo despu\u00e9s de la preparaci\u00f3n emocional y f\u00edsica, debido a que inhibe la FDE-5.&nbsp;<\/p>\n\n\n\n<p>El f\u00e1rmaco no tiene efectos negativos sobre la espermatog\u00e9nesis. Los indicadores de la calidad del l\u00edquido seminal siguen siendo los mismos que antes de la administraci\u00f3n.<\/p>\n\n\n\n<h2 class=\"wp-block-heading\" id=\"dosificacion-de-apcalis-oral-jelly\">Apcalis Oral Jelly 20mg dosis orientativa y ajustes por tolerancia<\/h2>\n\n\n\n<p>La receta est\u00e1ndar es de 5 gramos de gel (un sobre) que contiene 20 mg de Tadalafil. La dosis depende de la presencia de enfermedades concomitantes, el grado de complicaciones y el \u00edndice de masa corporal. La decisi\u00f3n final se toma tras consultar con un m\u00e9dico.&nbsp;<\/p>\n\n\n\n<h3 class=\"wp-block-heading\" id=\"interaccion\">Apcalis Oral Jelly 20 mg interacciones con nitratos, anti\u00e1cidos y alcohol<\/h3>\n\n\n\n<p>Est\u00e1 estrictamente prohibido utilizar Apcalis Oral Jelly junto con otros medicamentos que contengan nitratos. Esta combinaci\u00f3n puede provocar un aumento o una disminuci\u00f3n repentina de la presi\u00f3n arterial.&nbsp;<\/p>\n\n\n\n<p>Si est\u00e1 utilizando medicamentos anti\u00e1cidos, Tadalafil se absorbe mucho m\u00e1s lentamente. Esto puede causar una reacci\u00f3n retardada en su cuerpo.&nbsp;<\/p>\n\n\n\n<p>La combinaci\u00f3n de Apcalis con alcohol es una pr\u00e1ctica com\u00fan en estos d\u00edas. No deber\u00edan surgir problemas si se observan las normas de consumo de alcohol adecuadas. Al igual que el principio activo, las bebidas calientes tienen un efecto vasodilatador y ayudan a conseguir una erecci\u00f3n.&nbsp;<\/p>\n\n\n\n<h3 class=\"wp-block-heading\" id=\"contraindicaciones\">Contraindicaciones&nbsp;<\/h3>\n\n\n\n<p>El medicamento puede afectar a su conducci\u00f3n y a su calidad de vida si no se utiliza correctamente. Antes de comprar este medicamento, debe comprobar cuidadosamente la lista de contraindicaciones:&nbsp;<\/p>\n\n\n\n<ul>\n<li>arritmia;&nbsp;<\/li>\n\n\n\n<li>la insuficiencia card\u00edaca;<\/li>\n\n\n\n<li>un historial de ataque card\u00edaco o accidente cerebrovascular;<\/li>\n\n\n\n<li>enfermedades renales y hep\u00e1ticas;<\/li>\n\n\n\n<li>forma anormal del pene.&nbsp;<\/li>\n<\/ul>\n\n\n\n<p>Las mujeres y los j\u00f3venes menores de 18 a\u00f1os deben negarse a tomarla. El incumplimiento de las normas puede tener consecuencias negativas.&nbsp;<\/p>\n\n\n\n<h3 class=\"wp-block-heading\" id=\"efectos-secundarios\">Apcalis Oral Jelly efectos secundarios habituales y se\u00f1ales de alarma<\/h3>\n\n\n\n<p>Los efectos secundarios pueden aparecer en la primera ingesti\u00f3n, pero suelen ser bastante leves. Los s\u00edntomas m\u00e1s comunes son dolor de cabeza, n\u00e1useas, mareos y disminuci\u00f3n de la libido. En raras ocasiones, se observan molestias estomacales y otros trastornos gastrointestinales. Suelen producirse como resultado de una sobredosis o de la intolerancia individual de algunos componentes.&nbsp;<\/p>\n\n\n\n<h3 class=\"wp-block-heading\" id=\"sobredosis\">Apcalis Oral Jelly 20 mg sobredosis cu\u00e1ndo consultar y posibles s\u00edntomas<\/h3>\n\n\n\n<p>La toma de m\u00e1s de 20 mg de Tadalafilo debe ser consultada con un profesional de la salud. Si el medicamento no tiene el efecto deseado, se debe ajustar la frecuencia de uso y aumentar la dosis. En algunas situaciones, puede ser necesario cambiar de medicamento.&nbsp;<\/p>\n\n\n\n<h3 class=\"wp-block-heading\" id=\"almacenamiento\">Apcalis Oral Jelly 20mg almacenamiento temperatura y protecci\u00f3n del envase<\/h3>\n\n\n\n<p>El medicamento debe mantenerse fuera del alcance de los ni\u00f1os y en su envase original. Evite la luz solar directa sobre la ampolla y vigile la temperatura del aire: no debe superar los 30 oC.&nbsp;<\/p>\n\n\n\n<h3 class=\"wp-block-heading\" id=\"responsabilidad\">Responsabilidad<\/h3>\n\n\n\n<p>Los medicamentos utilizados para combatir la impotencia sexual masculina deben ser recetados por un m\u00e9dico. El autotratamiento puede ser peligroso para la salud.&nbsp;<\/p>\n\n\n\n<p>La administraci\u00f3n del sitio web no se hace responsable de las consecuencias de Tadalafil en Gel Apcalis.&nbsp;<\/p>\n","protected":false},"excerpt":{"rendered":"<p>Disponibilidad: S\u00ed \u2713 Pago: Apcalis Oral Jelly es un medicamento moderno para combatir la impotencia masculina. Los chicos aprecian este f\u00e1rmaco por su probada eficacia, su alta velocidad de resultados y su c\u00f3moda forma de liberaci\u00f3n en forma de sobrecito de gelatina.\u00a0El medicamento es un an\u00e1logo de Cialis a un precio razonable. Ambos medicamentos contienen &#8230; <a title=\"Apcalis Oral Jelly 20 mg compra en Espa\u00f1a con gu\u00eda clara\" class=\"read-more\" href=\"https:\/\/www.farmaciasanisidro.es\/farmacia\/oral-jelly-apcalis-online-gratis\/\" aria-label=\"M\u00e1s en Apcalis Oral Jelly 20 mg compra en Espa\u00f1a con gu\u00eda clara\">Leer m\u00e1s<\/a><\/p>\n","protected":false},"author":1,"featured_media":2590,"parent":0,"menu_order":0,"comment_status":"closed","ping_status":"closed","template":"","meta":{"footnotes":""},"_links":{"self":[{"href":"https:\/\/www.farmaciasanisidro.es\/farmacia\/wp-json\/wp\/v2\/pages\/1204"}],"collection":[{"href":"https:\/\/www.farmaciasanisidro.es\/farmacia\/wp-json\/wp\/v2\/pages"}],"about":[{"href":"https:\/\/www.farmaciasanisidro.es\/farmacia\/wp-json\/wp\/v2\/types\/page"}],"author":[{"embeddable":true,"href":"https:\/\/www.farmaciasanisidro.es\/farmacia\/wp-json\/wp\/v2\/users\/1"}],"replies":[{"embeddable":true,"href":"https:\/\/www.farmaciasanisidro.es\/farmacia\/wp-json\/wp\/v2\/comments?post=1204"}],"version-history":[{"count":11,"href":"https:\/\/www.farmaciasanisidro.es\/farmacia\/wp-json\/wp\/v2\/pages\/1204\/revisions"}],"predecessor-version":[{"id":4658,"href":"https:\/\/www.farmaciasanisidro.es\/farmacia\/wp-json\/wp\/v2\/pages\/1204\/revisions\/4658"}],"wp:featuredmedia":[{"embeddable":true,"href":"https:\/\/www.farmaciasanisidro.es\/farmacia\/wp-json\/wp\/v2\/media\/2590"}],"wp:attachment":[{"href":"https:\/\/www.farmaciasanisidro.es\/farmacia\/wp-json\/wp\/v2\/media?parent=1204"}],"curies":[{"name":"wp","href":"https:\/\/api.w.org\/{rel}","templated":true}]}}