{"id":1194,"date":"2021-02-26T11:08:27","date_gmt":"2021-02-26T11:08:27","guid":{"rendered":"https:\/\/www.farmaciasanisidro.es\/farmacia\/?page_id=1194"},"modified":"2026-01-12T13:41:42","modified_gmt":"2026-01-12T12:41:42","slug":"ordenar-kamagra-soft-tabs","status":"publish","type":"page","link":"https:\/\/www.farmaciasanisidro.es\/farmacia\/ordenar-kamagra-soft-tabs\/","title":{"rendered":"Comprar kamagra soft tabs 100mg sin receta online en Espa\u00f1a"},"content":{"rendered":"\n<div class=\"wp-block-group is-layout-constrained wp-block-group-is-layout-constrained\"><div class=\"wp-block-group__inner-container\">\n<figure class=\"wp-block-table alignright\"><table><tbody><tr><td><strong>Disponibilidad:<\/strong><\/td><td>S\u00ed \u2713<\/td><\/tr><tr><td><strong>Pago:<\/strong><\/td><td><img decoding=\"async\" src=\"\/wp-content\/uploads\/visa.png\" alt=\"Visa\"><img decoding=\"async\" src=\"\/wp-content\/uploads\/mastercard.png\" alt=\"MasterCard\"><img decoding=\"async\" src=\"\/wp-content\/uploads\/bitcoin.png\" alt=\"Bitcoin\"><img decoding=\"async\" src=\"\/wp-content\/uploads\/usdt.png\" alt=\"USDT\"><img decoding=\"async\" src=\"https:\/\/www.farmaciasanisidro.es\/farmacia\/wp-content\/uploads\/bitcoin.png\" alt=\"bitcoin\"><img decoding=\"async\" src=\"https:\/\/www.farmaciasanisidro.es\/farmacia\/wp-content\/uploads\/usdt.png\" alt=\"usdt\"><\/td><\/tr><\/tbody><\/table><\/figure>\n\n\n\n<div class=\"wp-block-columns is-layout-flex wp-container-2 wp-block-columns-is-layout-flex\">\n<div class=\"wp-block-column is-layout-flow wp-block-column-is-layout-flow\" style=\"flex-basis:100%\">\n<figure class=\"wp-block-image size-full is-resized\"><img decoding=\"async\" loading=\"lazy\" width=\"526\" height=\"390\" src=\"https:\/\/www.farmaciasanisidro.es\/farmacia\/wp-content\/uploads\/kamagra-soft-tabs-1.png\" alt=\"Kamagra Soft Tabs\" class=\"wp-image-2601\" style=\"aspect-ratio:1.3487179487179488;width:419px;height:auto\" srcset=\"https:\/\/www.farmaciasanisidro.es\/farmacia\/wp-content\/uploads\/kamagra-soft-tabs-1.png 526w, https:\/\/www.farmaciasanisidro.es\/farmacia\/wp-content\/uploads\/kamagra-soft-tabs-1-300x222.png 300w, https:\/\/www.farmaciasanisidro.es\/farmacia\/wp-content\/uploads\/kamagra-soft-tabs-1-200x148.png 200w\" sizes=\"(max-width: 526px) 100vw, 526px\" \/><\/figure>\n<\/div>\n<\/div>\n<\/div><\/div>\n\n\n\n<p><strong>Kamagra Soft Tabs <\/strong>es un popular an\u00e1logo de la <strong>Viagra, que se <\/strong>vende en las farmacias sin receta m\u00e9dica. El f\u00e1rmaco contiene el mismo ingrediente activo, por lo que no hay diferencias en la eficacia.\u00a0<\/p>\n\n\n\n<p>La nueva forma est\u00e1 disponible en forma de comprimidos, que no necesitan ser ingeridos &#8211; se absorben f\u00e1cilmente y tienen un sabor agradable. Comprar el medicamento en l\u00ednea es una gran soluci\u00f3n para las personas que quieren obtener un remedio de calidad para combatir la impotencia masculina. Si adem\u00e1s te interesa <a href=\"https:\/\/www.farmaciasanisidro.es\/farmacia\/generico-cialis-comprar\/\" data-type=\"link\" data-id=\"https:\/\/www.farmaciasanisidro.es\/farmacia\/generico-cialis-comprar\/\">como aumentar efecto de Cialis<\/a>, conviene hablarlo con un especialista para valorar h\u00e1bitos y factores circulatorios que influyen en la respuesta.\u00a0<\/p>\n\n\n\n<div class=\"tab\" data-sort = \"asc\"><button class=\"tablinks tablinks_default active\" data-target = \"tab-100\">100mg<\/button><\/div><div id =\"tab-100\" class = \"tabcontent active\" >\n            <div class=\"table-container\">\n                <div id=\"shop-prod-table\">\n                <table class=\"table\">\n                <caption><h2> Kamagra Soft Tabs  100mg<\/h2><\/caption>\n                <thead>\n                       <tr class=\"table-header_default\">\n                                <th scope =\"col\">Paquete<\/th>\n                                <th scope =\"col\"> Precio<\/th>\n                                <th scope =\"col\">Por Pastilla<\/th>\n                                <th scope =\"col\">Ahorros<\/th>\n                                <th scope =\"col\">Bonificaci\u00f3n<\/th>\n                                <th scope =\"col\"><\/th>\n                        <\/tr>\n                <\/thead><tbody><tr>\n             <td data-title=\"Paquete\">100mg x 12 pastillas<\/td>\n             <td data-title=\"Precio\"> <div itemprop=\"offers\" itemscope=\"itemscope\" itemtype=\"https:\/\/schema.org\/Offer\">\n            \n            <meta itemprop=\"url\" content =\"https:\/\/www.farmaciasanisidro.es\/farmacia\/ordenar-kamagra-soft-tabs\/\">\n            <link itemprop =\"availability\" href=\"https:\/\/schema.org\/InStock\">\n            <span itemprop=\"priceCurrency\" content=\"EUR\">\u20ac<\/span> <span itemprop=\"price\" content=\"54.81\">54.81<\/span><\/div><\/td>\n             <td data-title=\"Por Pastilla\">\u20ac 4.57<\/td>\n             <td class=\"field-economy_default\" data-title=\"Ahorros\">\u20ac 0<\/td>\n             <td data-title=\"Bonificaci\u00f3n\">-<\/td>\n             <td data-title=\"\">\n                <a href=\"?add-to-cart=2724\" class =\"buy-btn_default buy-btn ajax_add_to_cart add_to_cart_button\" rel=\"nofollow\" data-product_id = \"2724\">Comprar<\/a>\n             <\/td>\n            <\/tr><tr>\n             <td data-title=\"Paquete\">100mg x 20 pastillas<\/td>\n             <td data-title=\"Precio\"> <div itemprop=\"offers\" itemscope=\"itemscope\" itemtype=\"https:\/\/schema.org\/Offer\">\n            <span class=\"crossed_out_price\">\u20ac 91.39 \/<\/span>\n            <meta itemprop=\"url\" content =\"https:\/\/www.farmaciasanisidro.es\/farmacia\/ordenar-kamagra-soft-tabs\/\">\n            <link itemprop =\"availability\" href=\"https:\/\/schema.org\/InStock\">\n            <span itemprop=\"priceCurrency\" content=\"EUR\">\u20ac<\/span> <span itemprop=\"price\" content=\"75.99\">75.99<\/span><\/div><\/td>\n             <td data-title=\"Por Pastilla\">\u20ac 3.8<\/td>\n             <td class=\"field-economy_default\" data-title=\"Ahorros\">\u20ac 15.4<\/td>\n             <td data-title=\"Bonificaci\u00f3n\">-<\/td>\n             <td data-title=\"\">\n                <a href=\"?add-to-cart=2727\" class =\"buy-btn_default buy-btn ajax_add_to_cart add_to_cart_button\" rel=\"nofollow\" data-product_id = \"2727\">Comprar<\/a>\n             <\/td>\n            <\/tr><tr>\n             <td data-title=\"Paquete\">100mg x 32 pastillas<\/td>\n             <td data-title=\"Precio\"> <div itemprop=\"offers\" itemscope=\"itemscope\" itemtype=\"https:\/\/schema.org\/Offer\">\n            <span class=\"crossed_out_price\">\u20ac 146.39 \/<\/span>\n            <meta itemprop=\"url\" content =\"https:\/\/www.farmaciasanisidro.es\/farmacia\/ordenar-kamagra-soft-tabs\/\">\n            <link itemprop =\"availability\" href=\"https:\/\/schema.org\/InStock\">\n            <span itemprop=\"priceCurrency\" content=\"EUR\">\u20ac<\/span> <span itemprop=\"price\" content=\"114.39\">114.39<\/span><\/div><\/td>\n             <td data-title=\"Por Pastilla\">\u20ac 3.57<\/td>\n             <td class=\"field-economy_default\" data-title=\"Ahorros\">\u20ac 32<\/td>\n             <td data-title=\"Bonificaci\u00f3n\">-<\/td>\n             <td data-title=\"\">\n                <a href=\"?add-to-cart=2729\" class =\"buy-btn_default buy-btn ajax_add_to_cart add_to_cart_button\" rel=\"nofollow\" data-product_id = \"2729\">Comprar<\/a>\n             <\/td>\n            <\/tr><tr>\n             <td data-title=\"Paquete\">100mg x 60 pastillas<\/td>\n             <td data-title=\"Precio\"> <div itemprop=\"offers\" itemscope=\"itemscope\" itemtype=\"https:\/\/schema.org\/Offer\">\n            <span class=\"crossed_out_price\">\u20ac 273.99 \/<\/span>\n            <meta itemprop=\"url\" content =\"https:\/\/www.farmaciasanisidro.es\/farmacia\/ordenar-kamagra-soft-tabs\/\">\n            <link itemprop =\"availability\" href=\"https:\/\/schema.org\/InStock\">\n            <span itemprop=\"priceCurrency\" content=\"EUR\">\u20ac<\/span> <span itemprop=\"price\" content=\"171.99\">171.99<\/span><\/div><\/td>\n             <td data-title=\"Por Pastilla\">\u20ac 2.87<\/td>\n             <td class=\"field-economy_default\" data-title=\"Ahorros\">\u20ac 102<\/td>\n             <td data-title=\"Bonificaci\u00f3n\">+ 4 pastillas<\/td>\n             <td data-title=\"\">\n                <a href=\"?add-to-cart=2730\" class =\"buy-btn_default buy-btn ajax_add_to_cart add_to_cart_button\" rel=\"nofollow\" data-product_id = \"2730\">Comprar<\/a>\n             <\/td>\n            <\/tr><tr>\n             <td data-title=\"Paquete\">100mg x 84 pastillas<\/td>\n             <td data-title=\"Precio\"> <div itemprop=\"offers\" itemscope=\"itemscope\" itemtype=\"https:\/\/schema.org\/Offer\">\n            <span class=\"crossed_out_price\">\u20ac 384.07 \/<\/span>\n            <meta itemprop=\"url\" content =\"https:\/\/www.farmaciasanisidro.es\/farmacia\/ordenar-kamagra-soft-tabs\/\">\n            <link itemprop =\"availability\" href=\"https:\/\/schema.org\/InStock\">\n            <span itemprop=\"priceCurrency\" content=\"EUR\">\u20ac<\/span> <span itemprop=\"price\" content=\"221.95\">221.95<\/span><\/div><\/td>\n             <td data-title=\"Por Pastilla\">\u20ac 2.64<\/td>\n             <td class=\"field-economy_default\" data-title=\"Ahorros\">\u20ac 162.12<\/td>\n             <td data-title=\"Bonificaci\u00f3n\">+ 4 pastillas<\/td>\n             <td data-title=\"\">\n                <a href=\"?add-to-cart=2731\" class =\"buy-btn_default buy-btn ajax_add_to_cart add_to_cart_button\" rel=\"nofollow\" data-product_id = \"2731\">Comprar<\/a>\n             <\/td>\n            <\/tr><tr>\n             <td data-title=\"Paquete\">100mg x 120 pastillas<\/td>\n             <td data-title=\"Precio\"> <div itemprop=\"offers\" itemscope=\"itemscope\" itemtype=\"https:\/\/schema.org\/Offer\">\n            <span class=\"crossed_out_price\">\u20ac 548.93 \/<\/span>\n            <meta itemprop=\"url\" content =\"https:\/\/www.farmaciasanisidro.es\/farmacia\/ordenar-kamagra-soft-tabs\/\">\n            <link itemprop =\"availability\" href=\"https:\/\/schema.org\/InStock\">\n            <span itemprop=\"priceCurrency\" content=\"EUR\">\u20ac<\/span> <span itemprop=\"price\" content=\"296.93\">296.93<\/span><\/div><\/td>\n             <td data-title=\"Por Pastilla\">\u20ac 2.47<\/td>\n             <td class=\"field-economy_default\" data-title=\"Ahorros\">\u20ac 252<\/td>\n             <td data-title=\"Bonificaci\u00f3n\">+ 6 pastillas<\/td>\n             <td data-title=\"\">\n                <a href=\"?add-to-cart=2725\" class =\"buy-btn_default buy-btn ajax_add_to_cart add_to_cart_button\" rel=\"nofollow\" data-product_id = \"2725\">Comprar<\/a>\n             <\/td>\n            <\/tr><tr>\n             <td data-title=\"Paquete\">100mg x 180 pastillas<\/td>\n             <td data-title=\"Precio\"> <div itemprop=\"offers\" itemscope=\"itemscope\" itemtype=\"https:\/\/schema.org\/Offer\">\n            <span class=\"crossed_out_price\">\u20ac 822.79 \/<\/span>\n            <meta itemprop=\"url\" content =\"https:\/\/www.farmaciasanisidro.es\/farmacia\/ordenar-kamagra-soft-tabs\/\">\n            <link itemprop =\"availability\" href=\"https:\/\/schema.org\/InStock\">\n            <span itemprop=\"priceCurrency\" content=\"EUR\">\u20ac<\/span> <span itemprop=\"price\" content=\"405.19\">405.19<\/span><\/div><\/td>\n             <td data-title=\"Por Pastilla\">\u20ac 2.25<\/td>\n             <td class=\"field-economy_default\" data-title=\"Ahorros\">\u20ac 417.6<\/td>\n             <td data-title=\"Bonificaci\u00f3n\">+ 8 pastillas<\/td>\n             <td data-title=\"\">\n                <a href=\"?add-to-cart=2726\" class =\"buy-btn_default buy-btn ajax_add_to_cart add_to_cart_button\" rel=\"nofollow\" data-product_id = \"2726\">Comprar<\/a>\n             <\/td>\n            <\/tr><tr>\n             <td data-title=\"Paquete\">100mg x 272 pastillas<\/td>\n             <td data-title=\"Precio\"> <div itemprop=\"offers\" itemscope=\"itemscope\" itemtype=\"https:\/\/schema.org\/Offer\">\n            <span class=\"crossed_out_price\">\u20ac 1242.44 \/<\/span>\n            <meta itemprop=\"url\" content =\"https:\/\/www.farmaciasanisidro.es\/farmacia\/ordenar-kamagra-soft-tabs\/\">\n            <link itemprop =\"availability\" href=\"https:\/\/schema.org\/InStock\">\n            <span itemprop=\"priceCurrency\" content=\"EUR\">\u20ac<\/span> <span itemprop=\"price\" content=\"565.16\">565.16<\/span><\/div><\/td>\n             <td data-title=\"Por Pastilla\">\u20ac 2.08<\/td>\n             <td class=\"field-economy_default\" data-title=\"Ahorros\">\u20ac 677.28<\/td>\n             <td data-title=\"Bonificaci\u00f3n\">+ 12 pastillas<\/td>\n             <td data-title=\"\">\n                <a href=\"?add-to-cart=2728\" class =\"buy-btn_default buy-btn ajax_add_to_cart add_to_cart_button\" rel=\"nofollow\" data-product_id = \"2728\">Comprar<\/a>\n             <\/td>\n            <\/tr><\/tbody> <\/table>\n            <\/div>\n        <\/div>\n    <\/div>\n\n\n<table>\n<tbody>\n<tr>\n<td>Se Utiliza Para:<\/td>\n<td>Mejorar El Poder<\/td>\n<\/tr>\n<tr>\n<td>Componente Activo:<\/td>\n<td>Sildenafil<\/td>\n<\/tr>\n<tr>\n<td>Dosis:<\/td>\n<td>100 Mg<\/td>\n<\/tr>\n<tr>\n<td>Formulario De Producci\u00f3n:<\/td>\n<td>Tableta<\/td>\n<\/tr>\n<tr>\n<td>La Acci\u00f3n Ocurre:<\/td>\n<td>Dentro De 20-30 Minutos<\/td>\n<\/tr>\n<tr>\n<td>Efecto Dif\u00edcil:<\/td>\n<td>Hasta 8 Horas<\/td>\n<\/tr>\n<tr>\n<td>Venta De Kamagra:<\/td>\n<td>Sin Receta<\/td>\n<\/tr>\n<\/tbody>\n<\/table>\n\n\n<div class=\"wp-block-media-text is-stacked-on-mobile\" style=\"grid-template-columns:15% auto\"><figure class=\"wp-block-media-text__media\"><img decoding=\"async\" loading=\"lazy\" width=\"640\" height=\"640\" src=\"https:\/\/www.farmaciasanisidro.es\/farmacia\/wp-content\/uploads\/farmaciasanisidro.es-autor-Carlos-Barros-Lima.webp\" alt=\"farmaciasanisidro.es autor Dr. Carlos Barros Lima\" class=\"wp-image-4433 size-full\" srcset=\"https:\/\/www.farmaciasanisidro.es\/farmacia\/wp-content\/uploads\/farmaciasanisidro.es-autor-Carlos-Barros-Lima.webp 640w, https:\/\/www.farmaciasanisidro.es\/farmacia\/wp-content\/uploads\/farmaciasanisidro.es-autor-Carlos-Barros-Lima-300x300.webp 300w, https:\/\/www.farmaciasanisidro.es\/farmacia\/wp-content\/uploads\/farmaciasanisidro.es-autor-Carlos-Barros-Lima-150x150.webp 150w, https:\/\/www.farmaciasanisidro.es\/farmacia\/wp-content\/uploads\/farmaciasanisidro.es-autor-Carlos-Barros-Lima-200x200.webp 200w, https:\/\/www.farmaciasanisidro.es\/farmacia\/wp-content\/uploads\/farmaciasanisidro.es-autor-Carlos-Barros-Lima-100x100.webp 100w\" sizes=\"(max-width: 640px) 100vw, 640px\" \/><\/figure><div class=\"wp-block-media-text__content\">\n<p><a href=\"https:\/\/www.farmaciasanisidro.es\/farmacia\/autor\/\" data-type=\"link\" data-id=\"https:\/\/www.farmaciasanisidro.es\/farmacia\/autor\/\" target=\"_blank\" rel=\"noreferrer noopener\">Carlos Barros Lima<\/a> vive en Memphis, Tennessee, EE. UU. Trabaja como ur\u00f3logo en el Centro de Urolog\u00eda del Sur, ubicado en los suburbios de Memphis C\u00f3rdoba.<\/p>\n<\/div><\/div>\n\n\n\n<div class=\"wp-block-rank-math-toc-block\" id=\"rank-math-toc\"><h2>Table of Contents<\/h2><nav><ul><li><a href=\"#proposito-caracteristica-de-kamagra-soft\">Prop\u00f3sito y beneficios de Kamagra Soft Tabs<\/a><\/li><li><a href=\"#como-tomar-kamagra-soft\">Uso correcto de Kamagra Soft Tabs 100mg antes del sexo<\/a><\/li><li><a href=\"#dosificacion-de-kamagra-soft\">Dosis recomendada de Kamagra Soft Tabs<\/a><\/li><\/ul><\/nav><\/div>\n\n\n\n<h2 class=\"wp-block-heading\" id=\"proposito-caracteristica-de-kamagra-soft\">Prop\u00f3sito y beneficios de Kamagra Soft Tabs<\/h2>\n\n\n\n<p>El f\u00e1rmaco se utiliza para tratar la disfunci\u00f3n er\u00e9ctil. Esta enfermedad es bastante com\u00fan y est\u00e1 muy extendida en todo el mundo. Se considera que las causas m\u00e1s comunes de su aparici\u00f3n son:&nbsp;<\/p>\n\n\n\n<ul>\n<li>estr\u00e9s severo, sobreesfuerzo, fatiga;<\/li>\n\n\n\n<li>depresi\u00f3n;<\/li>\n\n\n\n<li>baja autoestima;<\/li>\n\n\n\n<li>trastornos prost\u00e1ticos.&nbsp;<\/li>\n<\/ul>\n\n\n\n<p>La terapia se selecciona en funci\u00f3n de las caracter\u00edsticas individuales del organismo. Kamagra Soft tiene un efecto terap\u00e9utico suave y restablece r\u00e1pidamente el funcionamiento normal de todos los sistemas.&nbsp;<\/p>\n\n\n\n<h3 class=\"wp-block-heading\" id=\"como-funciona-kamagra-soft\">C\u00f3mo act\u00faa Kamagra Soft Tabs 100mg en la erecci\u00f3n<\/h3>\n\n\n\n<p>El sildenafilo es un potente inhibidor del FDE-5. Inhibe la producci\u00f3n de la enzima, que a su vez bloquea la s\u00edntesis de \u00f3xido n\u00edtrico. Este proceso permite que los m\u00fasculos que rodean el pene se relajen.&nbsp;<\/p>\n\n\n\n<p>Como resultado de tomar Kamagra Soft, la circulaci\u00f3n sangu\u00ednea en los \u00f3rganos p\u00e9lvicos mejora. La sangre corre hacia el pene y el hombre siente una potente y duradera erecci\u00f3n. Adem\u00e1s, el tiempo de recuperaci\u00f3n entre las relaciones sexuales disminuye significativamente.&nbsp;<\/p>\n\n\n\n<h3 class=\"wp-block-heading\" id=\"diferencias-entre-kamagra-soft-y-viagra\">Diferencias entre Kamagra Soft y Viagra<\/h3>\n\n\n\n<p>Kamagra contiene el mismo principio activo que el Viagra: el sildenafilo. El efecto de tomar los medicamentos es similar, la principal diferencia est\u00e1 en la forma de liberaci\u00f3n, el fabricante y el coste. Cada comprador elige de forma independiente la mejor opci\u00f3n de acuerdo con las recomendaciones del m\u00e9dico.&nbsp;<\/p>\n\n\n\n<h2 class=\"wp-block-heading\" id=\"como-tomar-kamagra-soft\">Uso correcto de Kamagra Soft Tabs 100mg antes del sexo<\/h2>\n\n\n\n<p>Kamagra Soft empieza a funcionar en los 25 minutos siguientes a la toma del comprimido. La duraci\u00f3n del efecto depende de las caracter\u00edsticas individuales del organismo. Por t\u00e9rmino medio, el resultado dura entre 12 y 13 horas.&nbsp;<\/p>\n\n\n\n<p>El comprimido se coloca bajo la lengua entre 15 y 30 minutos antes de la relaci\u00f3n sexual prevista. La cantidad de la sustancia activa depende del estado de salud del hombre.&nbsp;<\/p>\n\n\n\n<h3 class=\"wp-block-heading\" id=\"que-mas-debe-saber-antes-de-tomarla\">Qu\u00e9 saber antes de usar Kamagra Soft Tabs 100mg<\/h3>\n\n\n\n<p>Los m\u00e9dicos insisten en que hay que masticar o tragar, en lugar de tragar. Esto acelera la absorci\u00f3n del ingrediente activo a trav\u00e9s del tracto gastrointestinal.&nbsp;<\/p>\n\n\n\n<p>La versi\u00f3n \u00absuave\u00bb apareci\u00f3 en el mercado hace relativamente poco tiempo, pero en poco tiempo ha conseguido ganar popularidad entre cientos de hombres que sufren problemas de erecci\u00f3n. Esto se debe a la asequibilidad del medicamento, el n\u00famero m\u00ednimo de efectos secundarios y un precio asequible.&nbsp;<\/p>\n\n\n\n<h2 class=\"wp-block-heading\" id=\"dosificacion-de-kamagra-soft\">Dosis recomendada de Kamagra Soft Tabs<\/h2>\n\n\n\n<p>Un comprimido contiene 100 mg de sildenafilo. Esta dosis se considera \u00f3ptima para un hombre sano de mediana edad. Para los pacientes con un \u00edndice de masa corporal elevado y un metabolismo r\u00e1pido, se utilizan dosis m\u00e1s altas.&nbsp;<\/p>\n\n\n\n<p>Los pacientes mayores de 65 a\u00f1os y las personas con enfermedades cardiovasculares deben someterse a una revisi\u00f3n m\u00e9dica previa. Es probable que el m\u00e9dico prescriba una cantidad menor del medicamento para reducir el esfuerzo del coraz\u00f3n.&nbsp;<\/p>\n\n\n\n<h3 class=\"wp-block-heading\" id=\"interaccion\">Interacciones de Kamagra Soft Tabs 100mg<\/h3>\n\n\n\n<p>Otros medicamentos pueden afectar a la eficacia de Kamagra. La combinaci\u00f3n del medicamento para la impotencia y los f\u00e1rmacos que contienen nitratos puede provocar la aparici\u00f3n de s\u00edntomas desagradables.&nbsp;<\/p>\n\n\n\n<p>La combinaci\u00f3n de alcohol y este medicamento est\u00e1 prohibida. Esta combinaci\u00f3n puede tener consecuencias no deseadas, ya que el sildenafilo es un medicamento serio.&nbsp;<\/p>\n\n\n\n<h3 class=\"wp-block-heading\" id=\"contraindicaciones\">Contraindicaciones de Kamagra Soft Tabs 100mg en hombres<\/h3>\n\n\n\n<p>Lea atentamente las instrucciones antes de comprar las pastillas. El documento que acompa\u00f1a al envase contiene toda la informaci\u00f3n sobre el f\u00e1rmaco y las contraindicaciones para tomarlo. Algunos de estos puntos pueden aplicarse a usted:<\/p>\n\n\n\n<ul>\n<li>Alergia a los componentes individuales que componen Kamagra;<\/li>\n\n\n\n<li>presi\u00f3n arterial alta o baja;<\/li>\n\n\n\n<li>enfermedades cr\u00f3nicas en el per\u00edodo de exacerbaci\u00f3n;&nbsp;<\/li>\n\n\n\n<li>una apoplej\u00eda o un ataque al coraz\u00f3n recientes;<\/li>\n\n\n\n<li>forma irregular del pene.&nbsp;<\/li>\n<\/ul>\n\n\n\n<p>Si su m\u00e9dico ha aprobado el uso de la sustancia, se recomienda empezar con la cantidad m\u00ednima: un cuarto de comprimido (25 mg). La administraci\u00f3n est\u00e1 estrictamente prohibida para las mujeres y los j\u00f3venes menores de 18 a\u00f1os.&nbsp;<\/p>\n\n\n\n<p>La droga puede afectar a la conducci\u00f3n. En presencia de factores de intolerancia individual o de trastornos mentales, el f\u00e1rmaco puede provocar un aumento de la excitabilidad y una distracci\u00f3n de la atenci\u00f3n.&nbsp;<\/p>\n\n\n\n<h3 class=\"wp-block-heading\" id=\"efectos-secundarios\">Efectos secundarios de Kamagra Soft Tabs 100mg<\/h3>\n\n\n\n<p>Al decidir comprar Kamagra, es necesario considerar la posibilidad de efectos adversos. Normalmente son bastante suaves. Entre ellos se encuentran:<\/p>\n\n\n\n<ul>\n<li>una ligera niebla y mareos;<\/li>\n\n\n\n<li>un dolor de cabeza;<\/li>\n\n\n\n<li>nariz congestionada, secreci\u00f3n nasal;<\/li>\n\n\n\n<li>Hinchaz\u00f3n facial, afluencia de sangre a la cabeza;<\/li>\n\n\n\n<li>dolor muscular en la zona de la espalda;<\/li>\n\n\n\n<li>visi\u00f3n doble.&nbsp;<\/li>\n<\/ul>\n\n\n\n<p>Antes de tomar pastillas para aumentar la potencia, es necesario considerar todos los riesgos y excluir la posibilidad de contraindicaciones. Un enfoque responsable de esta cuesti\u00f3n le ahorrar\u00e1 muchos problemas de salud y le dar\u00e1 la oportunidad de disfrutar de las relaciones sexuales con su amada. Para algunos casos, Cialis (Tadalafil) o Levitra (Vardenafil) son m\u00e1s adecuados.&nbsp;<\/p>\n\n\n\n<h3 class=\"wp-block-heading\" id=\"sobredosis\">Sobredosis con Kamagra Soft Tabs 100mg y urgencias<\/h3>\n\n\n\n<p>Los pacientes que han tomado una cantidad excesiva del f\u00e1rmaco tienen efectos secundarios mucho m\u00e1s graves. El s\u00edntoma principal es una erecci\u00f3n persistente, a menudo dolorosa, de hasta 4 horas.&nbsp;<\/p>\n\n\n\n<p>Si se producen estos s\u00edntomas, es necesario buscar inmediatamente ayuda m\u00e9dica cualificada. El m\u00e9dico prescribir\u00e1 una terapia reparadora, que normalizar\u00e1 todas las funciones del organismo.&nbsp;<\/p>\n\n\n\n<h3 class=\"wp-block-heading\" id=\"almacenamiento\">Almacenamiento seguro de Kamagra Soft Tabs 100mg<\/h3>\n\n\n\n<p>Kamagra Soft debe conservarse en el envase original con las instrucciones. En este caso vale la pena asegurarse de que el bl\u00edster est\u00e1 sellado de antemano, el comprimido se toma inmediatamente despu\u00e9s de desembalarlo.&nbsp;<\/p>\n\n\n\n<p>El producto debe mantenerse fuera del alcance de los ni\u00f1os a una temperatura no superior a 30oC. Evite exponer el producto a la luz solar directa.&nbsp;<\/p>\n\n\n\n<h3 class=\"wp-block-heading\" id=\"responsabilidad\">Responsabilidad<\/h3>\n\n\n\n<p>Al comprar sustancias para la disfunci\u00f3n er\u00e9ctil en Internet, se obtienen productos de calidad a un coste asequible. Garantizamos la seguridad y la confidencialidad de cada comprador.&nbsp;<\/p>\n\n\n\n<p>La administraci\u00f3n del sitio no es responsable de las consecuencias del uso de la sustancia. La dosis y el tipo de medicaci\u00f3n deben elegirse en colaboraci\u00f3n con un m\u00e9dico especialista.&nbsp;<\/p>\n","protected":false},"excerpt":{"rendered":"<p>Disponibilidad: S\u00ed \u2713 Pago: Kamagra Soft Tabs es un popular an\u00e1logo de la Viagra, que se vende en las farmacias sin receta m\u00e9dica. El f\u00e1rmaco contiene el mismo ingrediente activo, por lo que no hay diferencias en la eficacia.\u00a0 La nueva forma est\u00e1 disponible en forma de comprimidos, que no necesitan ser ingeridos &#8211; se &#8230; <a title=\"Comprar kamagra soft tabs 100mg sin receta online en Espa\u00f1a\" class=\"read-more\" href=\"https:\/\/www.farmaciasanisidro.es\/farmacia\/ordenar-kamagra-soft-tabs\/\" aria-label=\"M\u00e1s en Comprar kamagra soft tabs 100mg sin receta online en Espa\u00f1a\">Leer m\u00e1s<\/a><\/p>\n","protected":false},"author":1,"featured_media":2601,"parent":0,"menu_order":0,"comment_status":"closed","ping_status":"closed","template":"","meta":{"footnotes":""},"_links":{"self":[{"href":"https:\/\/www.farmaciasanisidro.es\/farmacia\/wp-json\/wp\/v2\/pages\/1194"}],"collection":[{"href":"https:\/\/www.farmaciasanisidro.es\/farmacia\/wp-json\/wp\/v2\/pages"}],"about":[{"href":"https:\/\/www.farmaciasanisidro.es\/farmacia\/wp-json\/wp\/v2\/types\/page"}],"author":[{"embeddable":true,"href":"https:\/\/www.farmaciasanisidro.es\/farmacia\/wp-json\/wp\/v2\/users\/1"}],"replies":[{"embeddable":true,"href":"https:\/\/www.farmaciasanisidro.es\/farmacia\/wp-json\/wp\/v2\/comments?post=1194"}],"version-history":[{"count":12,"href":"https:\/\/www.farmaciasanisidro.es\/farmacia\/wp-json\/wp\/v2\/pages\/1194\/revisions"}],"predecessor-version":[{"id":4624,"href":"https:\/\/www.farmaciasanisidro.es\/farmacia\/wp-json\/wp\/v2\/pages\/1194\/revisions\/4624"}],"wp:featuredmedia":[{"embeddable":true,"href":"https:\/\/www.farmaciasanisidro.es\/farmacia\/wp-json\/wp\/v2\/media\/2601"}],"wp:attachment":[{"href":"https:\/\/www.farmaciasanisidro.es\/farmacia\/wp-json\/wp\/v2\/media?parent=1194"}],"curies":[{"name":"wp","href":"https:\/\/api.w.org\/{rel}","templated":true}]}}