{"id":1186,"date":"2021-02-26T11:01:59","date_gmt":"2021-02-26T11:01:59","guid":{"rendered":"https:\/\/www.farmaciasanisidro.es\/farmacia\/?page_id=1186"},"modified":"2026-01-11T16:50:37","modified_gmt":"2026-01-11T15:50:37","slug":"super-active-viagra-sin-receta-online","status":"publish","type":"page","link":"https:\/\/www.farmaciasanisidro.es\/farmacia\/super-active-viagra-sin-receta-online\/","title":{"rendered":"Viagra Super Active 100 mg en Espa\u00f1a compra online discreta"},"content":{"rendered":"\n<div class=\"wp-block-group is-layout-constrained wp-block-group-is-layout-constrained\"><div class=\"wp-block-group__inner-container\">\n<figure class=\"wp-block-table alignright\"><table><tbody><tr><td><strong>Disponibilidad:<\/strong><\/td><td>S\u00ed \u2713<\/td><\/tr><tr><td><strong>Pago:<\/strong><\/td><td><img decoding=\"async\" src=\"\/wp-content\/uploads\/visa.png\" alt=\"Visa\"><img decoding=\"async\" src=\"\/wp-content\/uploads\/mastercard.png\" alt=\"MasterCard\"><img decoding=\"async\" src=\"\/wp-content\/uploads\/bitcoin.png\" alt=\"Bitcoin\"><img decoding=\"async\" src=\"\/wp-content\/uploads\/usdt.png\" alt=\"USDT\"><img decoding=\"async\" src=\"https:\/\/www.farmaciasanisidro.es\/farmacia\/wp-content\/uploads\/bitcoin.png\" alt=\"bitcoin\"><img decoding=\"async\" src=\"https:\/\/www.farmaciasanisidro.es\/farmacia\/wp-content\/uploads\/usdt.png\" alt=\"usdt\"><\/td><\/tr><\/tbody><\/table><\/figure>\n\n\n\n<div class=\"wp-block-columns is-layout-flex wp-container-2 wp-block-columns-is-layout-flex\">\n<div class=\"wp-block-column is-layout-flow wp-block-column-is-layout-flow\" style=\"flex-basis:100%\">\n<figure class=\"wp-block-image size-full is-resized\"><img decoding=\"async\" loading=\"lazy\" width=\"526\" height=\"390\" src=\"https:\/\/www.farmaciasanisidro.es\/farmacia\/wp-content\/uploads\/viagra-super-active-1.png\" alt=\"Viagra Super Active\" class=\"wp-image-2617\" style=\"aspect-ratio:1.3487179487179488;width:419px;height:auto\" srcset=\"https:\/\/www.farmaciasanisidro.es\/farmacia\/wp-content\/uploads\/viagra-super-active-1.png 526w, https:\/\/www.farmaciasanisidro.es\/farmacia\/wp-content\/uploads\/viagra-super-active-1-300x222.png 300w, https:\/\/www.farmaciasanisidro.es\/farmacia\/wp-content\/uploads\/viagra-super-active-1-200x148.png 200w\" sizes=\"(max-width: 526px) 100vw, 526px\" \/><\/figure>\n<\/div>\n<\/div>\n<\/div><\/div>\n\n\n\n<p><strong>Viagra Super Active es un <\/strong>medicamento mundialmente conocido que se utiliza para tratar la impotencia en los hombres. Este f\u00e1rmaco elimina r\u00e1pidamente la disfunci\u00f3n er\u00e9ctil, que puede producirse como consecuencia de diversos factores.&nbsp;<\/p>\n\n\n\n<p>Un orgasmo demasiado r\u00e1pido o ninguno, una tensi\u00f3n peneana d\u00e9bil, son s\u00edntomas que indican un problema. El sildenafilo, un potente ingrediente activo en la composici\u00f3n de los comprimidos, ayudar\u00e1 a hacerles frente. Las ventajas del medicamento son su precio asequible y su eficacia demostrada. Puede comprar el producto en l\u00ednea sin receta en el sitio web de nuestra farmacia. Si est\u00e1s valorando una alternativa con duraci\u00f3n m\u00e1s prolongada, conviene revisar la informaci\u00f3n oficial del producto y el origen del proveedor al <a href=\"https:\/\/www.farmaciasanisidro.es\/farmacia\/generico-cialis-comprar\/\" data-type=\"link\" data-id=\"https:\/\/www.farmaciasanisidro.es\/farmacia\/generico-cialis-comprar\/\">comprar Cialis en Espa\u00f1a seguro<\/a>.&nbsp;<\/p>\n\n\n\n<div class=\"tab\" data-sort = \"asc\"><button class=\"tablinks tablinks_default active\" data-target = \"tab-100\">100mg<\/button><\/div><div id =\"tab-100\" class = \"tabcontent active\" >\n            <div class=\"table-container\">\n                <div id=\"shop-prod-table\">\n                <table class=\"table\">\n                <caption><h2> Viagra Super Active  100mg<\/h2><\/caption>\n                <thead>\n                       <tr class=\"table-header_default\">\n                                <th scope =\"col\">Paquete<\/th>\n                                <th scope =\"col\"> Precio<\/th>\n                                <th scope =\"col\">Por Pastilla<\/th>\n                                <th scope =\"col\">Ahorros<\/th>\n                                <th scope =\"col\">Bonificaci\u00f3n<\/th>\n                                <th scope =\"col\"><\/th>\n                        <\/tr>\n                <\/thead><tbody><tr>\n             <td data-title=\"Paquete\">100mg x 10 pastillas<\/td>\n             <td data-title=\"Precio\"> <div itemprop=\"offers\" itemscope=\"itemscope\" itemtype=\"https:\/\/schema.org\/Offer\">\n            \n            <meta itemprop=\"url\" content =\"https:\/\/www.farmaciasanisidro.es\/farmacia\/super-active-viagra-sin-receta-online\/\">\n            <link itemprop =\"availability\" href=\"https:\/\/schema.org\/InStock\">\n            <span itemprop=\"priceCurrency\" content=\"EUR\">\u20ac<\/span> <span itemprop=\"price\" content=\"27.39\">27.39<\/span><\/div><\/td>\n             <td data-title=\"Por Pastilla\">\u20ac 2.74<\/td>\n             <td class=\"field-economy_default\" data-title=\"Ahorros\">\u20ac 0<\/td>\n             <td data-title=\"Bonificaci\u00f3n\">-<\/td>\n             <td data-title=\"\">\n                <a href=\"?add-to-cart=2869\" class =\"buy-btn_default buy-btn ajax_add_to_cart add_to_cart_button\" rel=\"nofollow\" data-product_id = \"2869\">Comprar<\/a>\n             <\/td>\n            <\/tr><tr>\n             <td data-title=\"Paquete\">100mg x 20 pastillas<\/td>\n             <td data-title=\"Precio\"> <div itemprop=\"offers\" itemscope=\"itemscope\" itemtype=\"https:\/\/schema.org\/Offer\">\n            <span class=\"crossed_out_price\">\u20ac 54.76 \/<\/span>\n            <meta itemprop=\"url\" content =\"https:\/\/www.farmaciasanisidro.es\/farmacia\/super-active-viagra-sin-receta-online\/\">\n            <link itemprop =\"availability\" href=\"https:\/\/schema.org\/InStock\">\n            <span itemprop=\"priceCurrency\" content=\"EUR\">\u20ac<\/span> <span itemprop=\"price\" content=\"45.76\">45.76<\/span><\/div><\/td>\n             <td data-title=\"Por Pastilla\">\u20ac 2.29<\/td>\n             <td class=\"field-economy_default\" data-title=\"Ahorros\">\u20ac 9<\/td>\n             <td data-title=\"Bonificaci\u00f3n\">+ 4 pastillas<\/td>\n             <td data-title=\"\">\n                <a href=\"?add-to-cart=2872\" class =\"buy-btn_default buy-btn ajax_add_to_cart add_to_cart_button\" rel=\"nofollow\" data-product_id = \"2872\">Comprar<\/a>\n             <\/td>\n            <\/tr><tr>\n             <td data-title=\"Paquete\">100mg x 30 pastillas<\/td>\n             <td data-title=\"Precio\"> <div itemprop=\"offers\" itemscope=\"itemscope\" itemtype=\"https:\/\/schema.org\/Offer\">\n            <span class=\"crossed_out_price\">\u20ac 82.34 \/<\/span>\n            <meta itemprop=\"url\" content =\"https:\/\/www.farmaciasanisidro.es\/farmacia\/super-active-viagra-sin-receta-online\/\">\n            <link itemprop =\"availability\" href=\"https:\/\/schema.org\/InStock\">\n            <span itemprop=\"priceCurrency\" content=\"EUR\">\u20ac<\/span> <span itemprop=\"price\" content=\"61.04\">61.04<\/span><\/div><\/td>\n             <td data-title=\"Por Pastilla\">\u20ac 2.03<\/td>\n             <td class=\"field-economy_default\" data-title=\"Ahorros\">\u20ac 21.3<\/td>\n             <td data-title=\"Bonificaci\u00f3n\">+ 6 pastillas<\/td>\n             <td data-title=\"\">\n                <a href=\"?add-to-cart=2874\" class =\"buy-btn_default buy-btn ajax_add_to_cart add_to_cart_button\" rel=\"nofollow\" data-product_id = \"2874\">Comprar<\/a>\n             <\/td>\n            <\/tr><tr>\n             <td data-title=\"Paquete\">100mg x 60 pastillas<\/td>\n             <td data-title=\"Precio\"> <div itemprop=\"offers\" itemscope=\"itemscope\" itemtype=\"https:\/\/schema.org\/Offer\">\n            <span class=\"crossed_out_price\">\u20ac 164.68 \/<\/span>\n            <meta itemprop=\"url\" content =\"https:\/\/www.farmaciasanisidro.es\/farmacia\/super-active-viagra-sin-receta-online\/\">\n            <link itemprop =\"availability\" href=\"https:\/\/schema.org\/InStock\">\n            <span itemprop=\"priceCurrency\" content=\"EUR\">\u20ac<\/span> <span itemprop=\"price\" content=\"111.28\">111.28<\/span><\/div><\/td>\n             <td data-title=\"Por Pastilla\">\u20ac 1.85<\/td>\n             <td class=\"field-economy_default\" data-title=\"Ahorros\">\u20ac 53.4<\/td>\n             <td data-title=\"Bonificaci\u00f3n\">+ 8 pastillas<\/td>\n             <td data-title=\"\">\n                <a href=\"?add-to-cart=2876\" class =\"buy-btn_default buy-btn ajax_add_to_cart add_to_cart_button\" rel=\"nofollow\" data-product_id = \"2876\">Comprar<\/a>\n             <\/td>\n            <\/tr><tr>\n             <td data-title=\"Paquete\">100mg x 90 pastillas<\/td>\n             <td data-title=\"Precio\"> <div itemprop=\"offers\" itemscope=\"itemscope\" itemtype=\"https:\/\/schema.org\/Offer\">\n            <span class=\"crossed_out_price\">\u20ac 246.82 \/<\/span>\n            <meta itemprop=\"url\" content =\"https:\/\/www.farmaciasanisidro.es\/farmacia\/super-active-viagra-sin-receta-online\/\">\n            <link itemprop =\"availability\" href=\"https:\/\/schema.org\/InStock\">\n            <span itemprop=\"priceCurrency\" content=\"EUR\">\u20ac<\/span> <span itemprop=\"price\" content=\"157.72\">157.72<\/span><\/div><\/td>\n             <td data-title=\"Por Pastilla\">\u20ac 1.75<\/td>\n             <td class=\"field-economy_default\" data-title=\"Ahorros\">\u20ac 89.1<\/td>\n             <td data-title=\"Bonificaci\u00f3n\">+ 10 pastillas<\/td>\n             <td data-title=\"\">\n                <a href=\"?add-to-cart=2877\" class =\"buy-btn_default buy-btn ajax_add_to_cart add_to_cart_button\" rel=\"nofollow\" data-product_id = \"2877\">Comprar<\/a>\n             <\/td>\n            <\/tr><tr>\n             <td data-title=\"Paquete\">100mg x 120 pastillas<\/td>\n             <td data-title=\"Precio\"> <div itemprop=\"offers\" itemscope=\"itemscope\" itemtype=\"https:\/\/schema.org\/Offer\">\n            <span class=\"crossed_out_price\">\u20ac 329.32 \/<\/span>\n            <meta itemprop=\"url\" content =\"https:\/\/www.farmaciasanisidro.es\/farmacia\/super-active-viagra-sin-receta-online\/\">\n            <link itemprop =\"availability\" href=\"https:\/\/schema.org\/InStock\">\n            <span itemprop=\"priceCurrency\" content=\"EUR\">\u20ac<\/span> <span itemprop=\"price\" content=\"188.92\">188.92<\/span><\/div><\/td>\n             <td data-title=\"Por Pastilla\">\u20ac 1.57<\/td>\n             <td class=\"field-economy_default\" data-title=\"Ahorros\">\u20ac 140.4<\/td>\n             <td data-title=\"Bonificaci\u00f3n\">+ 16 pastillas<\/td>\n             <td data-title=\"\">\n                <a href=\"?add-to-cart=2870\" class =\"buy-btn_default buy-btn ajax_add_to_cart add_to_cart_button\" rel=\"nofollow\" data-product_id = \"2870\">Comprar<\/a>\n             <\/td>\n            <\/tr><tr>\n             <td data-title=\"Paquete\">100mg x 180 pastillas<\/td>\n             <td data-title=\"Precio\"> <div itemprop=\"offers\" itemscope=\"itemscope\" itemtype=\"https:\/\/schema.org\/Offer\">\n            <span class=\"crossed_out_price\">\u20ac 492.59 \/<\/span>\n            <meta itemprop=\"url\" content =\"https:\/\/www.farmaciasanisidro.es\/farmacia\/super-active-viagra-sin-receta-online\/\">\n            <link itemprop =\"availability\" href=\"https:\/\/schema.org\/InStock\">\n            <span itemprop=\"priceCurrency\" content=\"EUR\">\u20ac<\/span> <span itemprop=\"price\" content=\"267.59\">267.59<\/span><\/div><\/td>\n             <td data-title=\"Por Pastilla\">\u20ac 1.49<\/td>\n             <td class=\"field-economy_default\" data-title=\"Ahorros\">\u20ac 225<\/td>\n             <td data-title=\"Bonificaci\u00f3n\">+ 20 pastillas<\/td>\n             <td data-title=\"\">\n                <a href=\"?add-to-cart=2871\" class =\"buy-btn_default buy-btn ajax_add_to_cart add_to_cart_button\" rel=\"nofollow\" data-product_id = \"2871\">Comprar<\/a>\n             <\/td>\n            <\/tr><tr>\n             <td data-title=\"Paquete\">100mg x 270 pastillas<\/td>\n             <td data-title=\"Precio\"> <div itemprop=\"offers\" itemscope=\"itemscope\" itemtype=\"https:\/\/schema.org\/Offer\">\n            <span class=\"crossed_out_price\">\u20ac 739.21 \/<\/span>\n            <meta itemprop=\"url\" content =\"https:\/\/www.farmaciasanisidro.es\/farmacia\/super-active-viagra-sin-receta-online\/\">\n            <link itemprop =\"availability\" href=\"https:\/\/schema.org\/InStock\">\n            <span itemprop=\"priceCurrency\" content=\"EUR\">\u20ac<\/span> <span itemprop=\"price\" content=\"372.01\">372.01<\/span><\/div><\/td>\n             <td data-title=\"Por Pastilla\">\u20ac 1.38<\/td>\n             <td class=\"field-economy_default\" data-title=\"Ahorros\">\u20ac 367.2<\/td>\n             <td data-title=\"Bonificaci\u00f3n\">+ 30 pastillas<\/td>\n             <td data-title=\"\">\n                <a href=\"?add-to-cart=2873\" class =\"buy-btn_default buy-btn ajax_add_to_cart add_to_cart_button\" rel=\"nofollow\" data-product_id = \"2873\">Comprar<\/a>\n             <\/td>\n            <\/tr><tr>\n             <td data-title=\"Paquete\">100mg x 360 pastillas<\/td>\n             <td data-title=\"Precio\"> <div itemprop=\"offers\" itemscope=\"itemscope\" itemtype=\"https:\/\/schema.org\/Offer\">\n            <span class=\"crossed_out_price\">\u20ac 984.9 \/<\/span>\n            <meta itemprop=\"url\" content =\"https:\/\/www.farmaciasanisidro.es\/farmacia\/super-active-viagra-sin-receta-online\/\">\n            <link itemprop =\"availability\" href=\"https:\/\/schema.org\/InStock\">\n            <span itemprop=\"priceCurrency\" content=\"EUR\">\u20ac<\/span> <span itemprop=\"price\" content=\"448.5\">448.5<\/span><\/div><\/td>\n             <td data-title=\"Por Pastilla\">\u20ac 1.25<\/td>\n             <td class=\"field-economy_default\" data-title=\"Ahorros\">\u20ac 536.4<\/td>\n             <td data-title=\"Bonificaci\u00f3n\">+ 30 pastillas<\/td>\n             <td data-title=\"\">\n                <a href=\"?add-to-cart=2875\" class =\"buy-btn_default buy-btn ajax_add_to_cart add_to_cart_button\" rel=\"nofollow\" data-product_id = \"2875\">Comprar<\/a>\n             <\/td>\n            <\/tr><\/tbody> <\/table>\n            <\/div>\n        <\/div>\n    <\/div>\n\n\n<table>\n<tbody>\n<tr>\n<td>Se Utiliza Para:<\/td>\n<td>Mejorar El Poder<\/td>\n<\/tr>\n<tr>\n<td>Componente Activo:<\/td>\n<td>Sildenafil<\/td>\n<\/tr>\n<tr>\n<td>Dosis:<\/td>\n<td>100 Mg<\/td>\n<\/tr>\n<tr>\n<td>Formulario De Producci\u00f3n:<\/td>\n<td>C\u00e1psula De Gelatina Suave<\/td>\n<\/tr>\n<tr>\n<td>La Acci\u00f3n Ocurre:<\/td>\n<td>Dentro De 20-30 Minutos<\/td>\n<\/tr>\n<tr>\n<td>Efecto Dif\u00edcil:<\/td>\n<td>Hasta 8 Horas<\/td>\n<\/tr>\n<tr>\n<td>Venta Viagra:<\/td>\n<td>Sin Receta<\/td>\n<\/tr>\n<\/tbody>\n<\/table>\n\n\n<div class=\"wp-block-media-text is-stacked-on-mobile\" style=\"grid-template-columns:15% auto\"><figure class=\"wp-block-media-text__media\"><img decoding=\"async\" loading=\"lazy\" width=\"640\" height=\"640\" src=\"https:\/\/www.farmaciasanisidro.es\/farmacia\/wp-content\/uploads\/farmaciasanisidro.es-autor-Carlos-Barros-Lima.webp\" alt=\"farmaciasanisidro.es autor Dr. Carlos Barros Lima\" class=\"wp-image-4433 size-full\" srcset=\"https:\/\/www.farmaciasanisidro.es\/farmacia\/wp-content\/uploads\/farmaciasanisidro.es-autor-Carlos-Barros-Lima.webp 640w, https:\/\/www.farmaciasanisidro.es\/farmacia\/wp-content\/uploads\/farmaciasanisidro.es-autor-Carlos-Barros-Lima-300x300.webp 300w, https:\/\/www.farmaciasanisidro.es\/farmacia\/wp-content\/uploads\/farmaciasanisidro.es-autor-Carlos-Barros-Lima-150x150.webp 150w, https:\/\/www.farmaciasanisidro.es\/farmacia\/wp-content\/uploads\/farmaciasanisidro.es-autor-Carlos-Barros-Lima-200x200.webp 200w, https:\/\/www.farmaciasanisidro.es\/farmacia\/wp-content\/uploads\/farmaciasanisidro.es-autor-Carlos-Barros-Lima-100x100.webp 100w\" sizes=\"(max-width: 640px) 100vw, 640px\" \/><\/figure><div class=\"wp-block-media-text__content\">\n<p><a href=\"https:\/\/www.farmaciasanisidro.es\/farmacia\/autor\/\" data-type=\"link\" data-id=\"https:\/\/www.farmaciasanisidro.es\/farmacia\/autor\/\" target=\"_blank\" rel=\"noreferrer noopener\">Carlos Barros Lima<\/a> vive en Memphis, Tennessee, EE. UU. Trabaja como ur\u00f3logo en el Centro de Urolog\u00eda del Sur, ubicado en los suburbios de Memphis C\u00f3rdoba.<\/p>\n<\/div><\/div>\n\n\n\n<div class=\"wp-block-rank-math-toc-block\" id=\"rank-math-toc\"><h2>Table of Contents<\/h2><nav><ul><li><a href=\"#caracteristicas-de-viagra-super-active\">Viagra Super Active caracter\u00edsticas beneficios y expectativas reales<\/a><\/li><li><a href=\"#como-funciona-viagra-super-active\">Viagra Super Active c\u00f3mo funciona con inhibici\u00f3n PDE5<\/a><\/li><li><a href=\"#tomar-viagra-super-active\">Viagra Super Active c\u00f3mo tomarla antes del sexo<\/a><\/li><li><a href=\"#dosificacion-de-viagra-super-active\">Viagra Super Active dosificaci\u00f3n<\/a><\/li><\/ul><\/nav><\/div>\n\n\n\n<h2 class=\"wp-block-heading\" id=\"caracteristicas-de-viagra-super-active\">Viagra Super Active caracter\u00edsticas beneficios y expectativas reales<\/h2>\n\n\n\n<p>La disfunci\u00f3n er\u00e9ctil es una enfermedad bastante com\u00fan que requiere un enfoque integral del tratamiento. El efecto terap\u00e9utico se consigue en un corto periodo de tiempo si se toma Viagra Super Active correctamente.&nbsp;<\/p>\n\n\n\n<p>Como resultado, puede deshacerse de la inseguridad, obtener una r\u00e1faga de vitalidad y aumentar la libido. El producto se utiliza ampliamente en todo el mundo.<\/p>\n\n\n\n<p>El resultado deseado se consigue gracias a la alta concentraci\u00f3n de Sildenafil. Se trata de una sustancia que ayuda a relajar los m\u00fasculos del pene y a mejorar el flujo sangu\u00edneo. La erecci\u00f3n se produce en cuanto el hombre siente la excitaci\u00f3n sexual.&nbsp;<\/p>\n\n\n\n<p>Un rasgo distintivo de la droga es su bajo coste y prevalencia. El sildenafilo est\u00e1 disponible en forma de comprimidos, por lo que es f\u00e1cil de transportar y tomar cuando se necesita.&nbsp;<\/p>\n\n\n\n<h2 class=\"wp-block-heading\" id=\"como-funciona-viagra-super-active\">Viagra Super Active c\u00f3mo funciona con inhibici\u00f3n PDE5<\/h2>\n\n\n\n<p>Este producto contiene <strong>Sildenafil, <\/strong>que es un inhibidor de la fosfodiesterasa-5 (PDE-5). Una vez en el cuerpo, aumenta la cantidad de \u00f3xido n\u00edtrico.&nbsp;<\/p>\n\n\n\n<p>Este \u00faltimo, a su vez, afecta a la cantidad de guanosina monofosfato. Al ser absorbido en las paredes del est\u00f3mago y extenderse por el torrente sangu\u00edneo, el sildenafilo mejora la circulaci\u00f3n sangu\u00ednea y estimula el flujo de sangre hacia los \u00f3rganos p\u00e9lvicos.&nbsp;<\/p>\n\n\n\n<p>Un cambio repentino en el fondo hormonal provoca una erecci\u00f3n natural. En este caso, el \u00f3rgano sexual s\u00f3lo entra en estado de excitaci\u00f3n si hay estimulaci\u00f3n f\u00edsica o mental.&nbsp;<\/p>\n\n\n\n<h2 class=\"wp-block-heading\" id=\"tomar-viagra-super-active\">Viagra Super Active c\u00f3mo tomarla antes del sexo<\/h2>\n\n\n\n<p>Viagra Super Active (sildenafil) es una soluci\u00f3n perfecta para las relaciones sexuales no planificadas. El comprimido se toma entre 15 y 20 minutos antes del coito. Una ventaja innegable es que no es necesario lavarse con agua o beber inmediatamente despu\u00e9s de la comida.&nbsp;<\/p>\n\n\n\n<p>La acci\u00f3n se produce menos de media hora despu\u00e9s de la ingesta. La concentraci\u00f3n del principio activo (sildenafilo) disminuye gradualmente durante un periodo de 3-4 horas. La duraci\u00f3n puede aumentar debido a las caracter\u00edsticas individuales del organismo, incluida la edad. Las personas mayores tienen un metabolismo m\u00e1s lento, por lo que su vida media es m\u00e1s larga.&nbsp;<\/p>\n\n\n\n<h3 class=\"wp-block-heading\" id=\"que-mas-debe-saber-antes-de-tomarla\">Viagra Super Active qu\u00e9 revisar antes de usar y comprar<\/h3>\n\n\n\n<p>Antes de decidirse a comprar Viagra (sildenafilo), es necesario estudiar cuidadosamente todos los aspectos del uso de tales medicamentos. Algunos pacientes tienen intolerancia individual, por lo que deben prestar atenci\u00f3n a los an\u00e1logos no menos populares &#8211; Vardenafil, Levitra, Cialis, Tadalafil.&nbsp;<\/p>\n\n\n\n<p>La compra de medicamentos en l\u00ednea es un proceso responsable. Garantizamos total seguridad y confidencialidad.&nbsp;<\/p>\n\n\n\n<h2 class=\"wp-block-heading\" id=\"dosificacion-de-viagra-super-active\">Viagra Super Active dosificaci\u00f3n<\/h2>\n\n\n\n<p>Cada c\u00e1psula contiene 20 gramos de gel de agradable sabor. Cada comprimido contiene 100 mg de sildenafilo. Esta es la dosis est\u00e1ndar para la mayor\u00eda de los pacientes.<\/p>\n\n\n\n<p>En raras ocasiones, el m\u00e9dico puede prescribir un aumento o una disminuci\u00f3n de la cantidad del medicamento. Todo depende de las caracter\u00edsticas individuales de tu cuerpo y de algunos otros factores. Pida m\u00e1s informaci\u00f3n a su m\u00e9dico.&nbsp;<\/p>\n\n\n\n<h3 class=\"wp-block-heading\" id=\"interaccion\">Viagra Super Active interacci\u00f3n con nitratos alcohol comidas grasas<\/h3>\n\n\n\n<p>Otros medicamentos pueden afectar negativamente al funcionamiento de Viagra Super Active. No debe tomar el medicamento si est\u00e1 tomando medicamentos para el dolor de pecho o sustancias que contengan nitratos.&nbsp;<\/p>\n\n\n\n<p>Tomar Sildenafil y beber alcohol al mismo tiempo puede terminar mal para un hombre. Si bebe demasiado alcohol, es posible que no sienta los efectos del Viagra (sildenafil) y que no obtenga los resultados deseados al tomarlo.&nbsp;<\/p>\n\n\n\n<p>Es mejor no tomar las c\u00e1psulas inmediatamente despu\u00e9s de una comida, especialmente si la comida ha consistido principalmente en alimentos grasos. Si se pone \u00abel est\u00f3mago lleno\u00bb, el f\u00e1rmaco se absorbe menos f\u00e1cilmente en la sangre, y el tiempo de erecci\u00f3n se prolonga.&nbsp;<\/p>\n\n\n\n<h3 class=\"wp-block-heading\" id=\"contraindicaciones\">Viagra Super Active contraindicaciones y precauci\u00f3n al conducir<\/h3>\n\n\n\n<p>Adem\u00e1s de la lista de medicamentos prohibidos, hay que tener en cuenta otros factores. Viagra (sildenafil) puede afectar a la conducci\u00f3n. Al estar en un estado de mayor excitaci\u00f3n, el hombre es menos capaz de concentrarse en la carretera, por lo que es mejor no conducir hasta que el sildenafilo sea eliminado del cuerpo.&nbsp;<\/p>\n\n\n\n<p>El medicamento no debe ser tomado por adolescentes menores de 18 a\u00f1os, ni por pacientes con enfermedades card\u00edacas, renales o hep\u00e1ticas. Las enfermedades abdominales cr\u00f3nicas durante la exacerbaci\u00f3n tambi\u00e9n pertenecen a la categor\u00eda de contraindicaciones de uso.&nbsp;<\/p>\n\n\n\n<h3 class=\"wp-block-heading\" id=\"efectos-secundarios\">Viagra Super Active efectos secundarios comunes y alertas<\/h3>\n\n\n\n<p>Tomar Viagra Super Active (sildenafil) sin consultar previamente a un especialista puede provocar muchos efectos secundarios. Algunas de las m\u00e1s comunes son:<\/p>\n\n\n\n<ul>\n<li>un dolor de cabeza;<\/li>\n\n\n\n<li>goteo nasal, hinchaz\u00f3n facial;<\/li>\n\n\n\n<li>dolor muscular;<\/li>\n\n\n\n<li>boca seca, desequilibrio h\u00eddrico;<\/li>\n\n\n\n<li>urticaria, picor, enrojecimiento de la piel.&nbsp;<\/li>\n<\/ul>\n\n\n\n<p>Si tiene alguno de los s\u00edntomas descritos anteriormente como resultado de la toma del medicamento, busque ayuda profesional inmediata. Una visita a tiempo al m\u00e9dico le ahorrar\u00e1 consecuencias desagradables y le ayudar\u00e1 a conseguir el efecto deseado del tratamiento en poco tiempo.&nbsp;<\/p>\n\n\n\n<h3 class=\"wp-block-heading\" id=\"sobredosis\">Viagra Super Active sobredosis por qu\u00e9 evitar aumentos<\/h3>\n\n\n\n<p>Para superar la impotencia masculina lo antes posible, muchos pacientes empiezan a tomar medicamentos sin control. El aumento de la concentraci\u00f3n de Sildenafil no ayudar\u00e1 a conseguir un efecto r\u00e1pido, sino que puede aumentar significativamente el riesgo de efectos secundarios.&nbsp;<\/p>\n\n\n\n<p>Aumente la dosis del medicamento s\u00f3lo si lo prescribe un m\u00e9dico. Recuerde: el autotratamiento puede ser peligroso para su salud.&nbsp;<\/p>\n\n\n\n<h3 class=\"wp-block-heading\" id=\"almacenamiento\">Viagra Super Active almacenamiento seguro y condiciones<\/h3>\n\n\n\n<p>Viagra Super Active (sildenafil) es un medicamento de composici\u00f3n compleja. Por ello, debe mantenerse fuera del alcance de los ni\u00f1os y en su envase original. Despu\u00e9s de abrir el bl\u00edster, debe beber la c\u00e1psula inmediatamente.&nbsp;<\/p>\n\n\n\n<p>La temperatura de almacenamiento recomendada es de hasta +30 oC. El nivel de humedad no debe superar las normas permitidas.&nbsp;<\/p>\n\n\n\n<h3 class=\"wp-block-heading\" id=\"responsabilidad\">Responsabilidad<\/h3>\n\n\n\n<p>Nuestra empresa coopera con los fabricantes de productos farmac\u00e9uticos m\u00e1s famosos del mundo. Garantizamos la alta calidad del Viagra (sildenafil) presentado en nuestro cat\u00e1logo y la disponibilidad de todos los certificados necesarios.&nbsp;<\/p>\n\n\n\n<p>La farmacia no es responsable de las consecuencias del uso de los medicamentos. Cada cliente\/tangata wai ora debe someterse a un examen m\u00e9dico previo y tomar las pastillas en la dosis prescrita por su m\u00e9dico.&nbsp;<\/p>\n","protected":false},"excerpt":{"rendered":"<p>Disponibilidad: S\u00ed \u2713 Pago: Viagra Super Active es un medicamento mundialmente conocido que se utiliza para tratar la impotencia en los hombres. Este f\u00e1rmaco elimina r\u00e1pidamente la disfunci\u00f3n er\u00e9ctil, que puede producirse como consecuencia de diversos factores.&nbsp; Un orgasmo demasiado r\u00e1pido o ninguno, una tensi\u00f3n peneana d\u00e9bil, son s\u00edntomas que indican un problema. El sildenafilo, &#8230; <a title=\"Viagra Super Active 100 mg en Espa\u00f1a compra online discreta\" class=\"read-more\" href=\"https:\/\/www.farmaciasanisidro.es\/farmacia\/super-active-viagra-sin-receta-online\/\" aria-label=\"M\u00e1s en Viagra Super Active 100 mg en Espa\u00f1a compra online discreta\">Leer m\u00e1s<\/a><\/p>\n","protected":false},"author":1,"featured_media":2617,"parent":0,"menu_order":0,"comment_status":"closed","ping_status":"closed","template":"","meta":{"footnotes":""},"_links":{"self":[{"href":"https:\/\/www.farmaciasanisidro.es\/farmacia\/wp-json\/wp\/v2\/pages\/1186"}],"collection":[{"href":"https:\/\/www.farmaciasanisidro.es\/farmacia\/wp-json\/wp\/v2\/pages"}],"about":[{"href":"https:\/\/www.farmaciasanisidro.es\/farmacia\/wp-json\/wp\/v2\/types\/page"}],"author":[{"embeddable":true,"href":"https:\/\/www.farmaciasanisidro.es\/farmacia\/wp-json\/wp\/v2\/users\/1"}],"replies":[{"embeddable":true,"href":"https:\/\/www.farmaciasanisidro.es\/farmacia\/wp-json\/wp\/v2\/comments?post=1186"}],"version-history":[{"count":10,"href":"https:\/\/www.farmaciasanisidro.es\/farmacia\/wp-json\/wp\/v2\/pages\/1186\/revisions"}],"predecessor-version":[{"id":4595,"href":"https:\/\/www.farmaciasanisidro.es\/farmacia\/wp-json\/wp\/v2\/pages\/1186\/revisions\/4595"}],"wp:featuredmedia":[{"embeddable":true,"href":"https:\/\/www.farmaciasanisidro.es\/farmacia\/wp-json\/wp\/v2\/media\/2617"}],"wp:attachment":[{"href":"https:\/\/www.farmaciasanisidro.es\/farmacia\/wp-json\/wp\/v2\/media?parent=1186"}],"curies":[{"name":"wp","href":"https:\/\/api.w.org\/{rel}","templated":true}]}}